{"id":852,"date":"2022-05-30T12:50:51","date_gmt":"2022-05-30T10:50:51","guid":{"rendered":"https:\/\/www.nekretnineualanji.com\/kontakt\/"},"modified":"2025-05-21T15:12:39","modified_gmt":"2025-05-21T13:12:39","slug":"kontakt","status":"publish","type":"page","link":"https:\/\/www.nekretnineualanji.com\/en\/kontakt\/","title":{"rendered":"KONTAKT"},"content":{"rendered":"\t\t<div data-elementor-type=\"wp-page\" data-elementor-id=\"852\" class=\"elementor elementor-852 elementor-9\">\n\t\t\t\t\t\t<section class=\"elementor-section elementor-top-section elementor-element elementor-element-a4f0d45 elementor-section-full_width elementor-section-content-middle elementor-section-height-default elementor-section-height-default\" data-id=\"a4f0d45\" data-element_type=\"section\" data-e-type=\"section\" data-settings=\"{&quot;background_background&quot;:&quot;classic&quot;}\">\n\t\t\t\t\t\t<div class=\"elementor-container elementor-column-gap-no\">\n\t\t\t\t\t<div class=\"elementor-column elementor-col-100 elementor-top-column elementor-element elementor-element-940af3c\" data-id=\"940af3c\" data-element_type=\"column\" data-e-type=\"column\">\n\t\t\t<div class=\"elementor-widget-wrap elementor-element-populated\">\n\t\t\t\t\t\t<div class=\"elementor-element elementor-element-0311332 elementor-widget elementor-widget-heading\" data-id=\"0311332\" data-element_type=\"widget\" data-e-type=\"widget\" data-widget_type=\"heading.default\">\n\t\t\t\t<div class=\"elementor-widget-container\">\n\t\t\t\t\t<h3 class=\"elementor-heading-title elementor-size-default\">Kontaktirajte nas<\/h3>\t\t\t\t<\/div>\n\t\t\t\t<\/div>\n\t\t\t\t\t<\/div>\n\t\t<\/div>\n\t\t\t\t\t<\/div>\n\t\t<\/section>\n\t\t\t\t<section class=\"elementor-section elementor-top-section elementor-element elementor-element-1a5499f elementor-section-boxed elementor-section-height-default elementor-section-height-default\" data-id=\"1a5499f\" data-element_type=\"section\" data-e-type=\"section\">\n\t\t\t\t\t\t<div class=\"elementor-container elementor-column-gap-default\">\n\t\t\t\t\t<div class=\"elementor-column elementor-col-50 elementor-top-column elementor-element elementor-element-1a0591c\" data-id=\"1a0591c\" data-element_type=\"column\" data-e-type=\"column\">\n\t\t\t<div class=\"elementor-widget-wrap elementor-element-populated\">\n\t\t\t\t\t\t<div class=\"elementor-element elementor-element-c9939b0 elementor-widget elementor-widget-text-editor\" data-id=\"c9939b0\" data-element_type=\"widget\" data-e-type=\"widget\" data-widget_type=\"text-editor.default\">\n\t\t\t\t<div class=\"elementor-widget-container\">\n\t\t\t\t\t\t\t\t\t<h3>NEW LIFE INTERNATIONAL BH<\/h3><p>Merhemi\u0107a Trg 2, 71000 Sarajevo \/ Ciglane \/ Bosna i Hercegovina<\/p><p>Tel: +387 61 868 111 \/ Mob\/WhatsApp: +387 61 868 111<\/p><p>Email: <a class=\"oajrlxb2 g5ia77u1 qu0x051f esr5mh6w e9989ue4 r7d6kgcz rq0escxv nhd2j8a9 nc684nl6 p7hjln8o kvgmc6g5 cxmmr5t8 oygrvhab hcukyx3x jb3vyjys rz4wbd8a qt6c0cv9 a8nywdso i1ao9s8h esuyzwwr f1sip0of lzcic4wl gpro0wi8 py34i1dx\" tabindex=\"0\" role=\"link\" href=\"mailto:nerma@newlifeturkey.com\" target=\"_blank\" rel=\"noopener\">elma@newlifeturkey.com<\/a><\/p>\t\t\t\t\t\t\t\t<\/div>\n\t\t\t\t<\/div>\n\t\t\t\t\t<\/div>\n\t\t<\/div>\n\t\t\t\t<div class=\"elementor-column elementor-col-50 elementor-top-column elementor-element elementor-element-e4f71e3\" data-id=\"e4f71e3\" data-element_type=\"column\" data-e-type=\"column\">\n\t\t\t<div class=\"elementor-widget-wrap elementor-element-populated\">\n\t\t\t\t\t\t<div class=\"elementor-element elementor-element-45e889f elementor-shape-circle elementor-grid-0 e-grid-align-center elementor-widget elementor-widget-social-icons\" data-id=\"45e889f\" data-element_type=\"widget\" data-e-type=\"widget\" data-widget_type=\"social-icons.default\">\n\t\t\t\t<div class=\"elementor-widget-container\">\n\t\t\t\t\t\t\t<div class=\"elementor-social-icons-wrapper elementor-grid\" role=\"list\">\n\t\t\t\t\t\t\t<span class=\"elementor-grid-item\" role=\"listitem\">\n\t\t\t\t\t<a class=\"elementor-icon elementor-social-icon elementor-social-icon-facebook elementor-repeater-item-5200ba5\" href=\"https:\/\/www.facebook.com\/newlifeinternationalbh\" target=\"_blank\">\n\t\t\t\t\t\t<span class=\"elementor-screen-only\">Facebook<\/span>\n\t\t\t\t\t\t<i aria-hidden=\"true\" class=\"fab fa-facebook\"><\/i>\t\t\t\t\t<\/a>\n\t\t\t\t<\/span>\n\t\t\t\t\t\t\t<span class=\"elementor-grid-item\" role=\"listitem\">\n\t\t\t\t\t<a class=\"elementor-icon elementor-social-icon elementor-social-icon-instagram elementor-repeater-item-b0dcc1e\" href=\"https:\/\/www.instagram.com\/alanya.nekretnine\/?igshid=YmMyMTA2M2Y%3D&#038;fbclid=IwAR1VV_o_nut1dfjg14PYeGGdANW_keb4mqSWHZhcWWXLxpdNqqQYuwMazC8\" target=\"_blank\">\n\t\t\t\t\t\t<span class=\"elementor-screen-only\">Instagram<\/span>\n\t\t\t\t\t\t<i aria-hidden=\"true\" class=\"fab fa-instagram\"><\/i>\t\t\t\t\t<\/a>\n\t\t\t\t<\/span>\n\t\t\t\t\t\t\t<span class=\"elementor-grid-item\" role=\"listitem\">\n\t\t\t\t\t<a class=\"elementor-icon elementor-social-icon elementor-social-icon-whatsapp elementor-repeater-item-1017180\" href=\"https:\/\/wa.me\/+38761868111\" target=\"_blank\">\n\t\t\t\t\t\t<span class=\"elementor-screen-only\">Whatsapp<\/span>\n\t\t\t\t\t\t<i aria-hidden=\"true\" class=\"fab fa-whatsapp\"><\/i>\t\t\t\t\t<\/a>\n\t\t\t\t<\/span>\n\t\t\t\t\t<\/div>\n\t\t\t\t\t\t<\/div>\n\t\t\t\t<\/div>\n\t\t\t\t\t<\/div>\n\t\t<\/div>\n\t\t\t\t\t<\/div>\n\t\t<\/section>\n\t\t\t\t<section class=\"elementor-section elementor-top-section elementor-element elementor-element-f03a26b elementor-section-boxed elementor-section-height-default elementor-section-height-default\" data-id=\"f03a26b\" data-element_type=\"section\" data-e-type=\"section\" data-settings=\"{&quot;background_background&quot;:&quot;classic&quot;}\">\n\t\t\t\t\t\t<div class=\"elementor-container elementor-column-gap-default\">\n\t\t\t\t\t<div class=\"elementor-column elementor-col-100 elementor-top-column elementor-element elementor-element-2833395\" data-id=\"2833395\" data-element_type=\"column\" data-e-type=\"column\">\n\t\t\t<div class=\"elementor-widget-wrap elementor-element-populated\">\n\t\t\t\t\t\t<div class=\"elementor-element elementor-element-21ec1d5 elementor-widget elementor-widget-heading\" data-id=\"21ec1d5\" data-element_type=\"widget\" data-e-type=\"widget\" data-widget_type=\"heading.default\">\n\t\t\t\t<div class=\"elementor-widget-container\">\n\t\t\t\t\t<h3 class=\"elementor-heading-title elementor-size-default\">Po\u0161aljite nam poruku<\/h3>\t\t\t\t<\/div>\n\t\t\t\t<\/div>\n\t\t\t\t\t<\/div>\n\t\t<\/div>\n\t\t\t\t\t<\/div>\n\t\t<\/section>\n\t\t\t\t<section class=\"elementor-section elementor-top-section elementor-element elementor-element-a28e275 elementor-section-boxed elementor-section-height-default elementor-section-height-default\" data-id=\"a28e275\" data-element_type=\"section\" data-e-type=\"section\">\n\t\t\t\t\t\t<div class=\"elementor-container elementor-column-gap-default\">\n\t\t\t\t\t<div class=\"elementor-column elementor-col-100 elementor-top-column elementor-element elementor-element-0865b11\" data-id=\"0865b11\" data-element_type=\"column\" data-e-type=\"column\">\n\t\t\t<div class=\"elementor-widget-wrap elementor-element-populated\">\n\t\t\t\t\t\t<div class=\"elementor-element elementor-element-7757ea6 elementor-widget elementor-widget-wpforms\" data-id=\"7757ea6\" data-element_type=\"widget\" data-e-type=\"widget\" data-widget_type=\"wpforms.default\">\n\t\t\t\t<div class=\"elementor-widget-container\">\n\t\t\t\t\t<div class=\"wpforms-container wpforms-container-full\" id=\"wpforms-225\"><form id=\"wpforms-form-225\" class=\"wpforms-validate wpforms-form wpforms-ajax-form\" data-formid=\"225\" method=\"post\" enctype=\"multipart\/form-data\" action=\"\/en\/wp-json\/wp\/v2\/pages\/852\" data-token=\"679616cf4673be85d60f17b4e21f6801\" data-token-time=\"1776146587\"><noscript class=\"wpforms-error-noscript\">Please enable JavaScript in your browser to complete this form.<\/noscript><div class=\"wpforms-field-container\"><div id=\"wpforms-225-field_0-container\" class=\"wpforms-field wpforms-field-name\" data-field-id=\"0\"><label class=\"wpforms-field-label\" for=\"wpforms-225-field_0\">Va\u0161e Ime i Prezime <span class=\"wpforms-required-label\">*<\/span><\/label><input type=\"text\" id=\"wpforms-225-field_0\" class=\"wpforms-field-medium wpforms-field-required\" name=\"wpforms[fields][0]\" required><\/div><div id=\"wpforms-225-field_1-container\" class=\"wpforms-field wpforms-field-email\" data-field-id=\"1\"><label class=\"wpforms-field-label\" for=\"wpforms-225-field_1\">Va\u0161 Email <span class=\"wpforms-required-label\">*<\/span><\/label><input type=\"email\" id=\"wpforms-225-field_1\" class=\"wpforms-field-medium wpforms-field-required\" name=\"wpforms[fields][1]\" spellcheck=\"false\" required><\/div><div id=\"wpforms-225-field_2-container\" class=\"wpforms-field wpforms-field-textarea\" data-field-id=\"2\"><label class=\"wpforms-field-label\" for=\"wpforms-225-field_2\">Po\u0161aljite nam poruku <span class=\"wpforms-required-label\">*<\/span><\/label><textarea id=\"wpforms-225-field_2\" class=\"wpforms-field-medium wpforms-field-required\" name=\"wpforms[fields][2]\" required><\/textarea><\/div><\/div><!-- .wpforms-field-container --><div class=\"wpforms-submit-container\" ><input type=\"hidden\" name=\"wpforms[id]\" value=\"225\"><input type=\"hidden\" name=\"page_title\" value=\"\"><input type=\"hidden\" name=\"page_url\" value=\"https:\/\/www.nekretnineualanji.com\/en\/wp-json\/wp\/v2\/pages\/852\"><input type=\"hidden\" name=\"url_referer\" value=\"\"><button type=\"submit\" name=\"wpforms[submit]\" id=\"wpforms-submit-225\" class=\"wpforms-submit\" data-alt-text=\"Sending...\" data-submit-text=\"Po\u0161alji poruku\" aria-live=\"assertive\" value=\"wpforms-submit\">Po\u0161alji poruku<\/button><img decoding=\"async\" src=\"https:\/\/www.nekretnineualanji.com\/wp-content\/plugins\/wpforms-lite\/assets\/images\/submit-spin.svg\" class=\"wpforms-submit-spinner\" style=\"display: none;\" width=\"26\" height=\"26\" alt=\"Loading\"><\/div><\/form><\/div>  <!-- .wpforms-container -->\t\t\t\t<\/div>\n\t\t\t\t<\/div>\n\t\t\t\t\t<\/div>\n\t\t<\/div>\n\t\t\t\t\t<\/div>\n\t\t<\/section>\n\t\t\t\t<section class=\"elementor-section elementor-top-section elementor-element elementor-element-9794b81 elementor-section-boxed elementor-section-height-default elementor-section-height-default\" data-id=\"9794b81\" data-element_type=\"section\" data-e-type=\"section\" data-settings=\"{&quot;background_background&quot;:&quot;classic&quot;}\">\n\t\t\t\t\t\t<div class=\"elementor-container elementor-column-gap-default\">\n\t\t\t\t\t<div class=\"elementor-column elementor-col-100 elementor-top-column elementor-element elementor-element-91a8e91\" data-id=\"91a8e91\" data-element_type=\"column\" data-e-type=\"column\">\n\t\t\t<div class=\"elementor-widget-wrap elementor-element-populated\">\n\t\t\t\t\t\t<div class=\"elementor-element elementor-element-789b031 elementor-widget elementor-widget-heading\" data-id=\"789b031\" data-element_type=\"widget\" data-e-type=\"widget\" data-widget_type=\"heading.default\">\n\t\t\t\t<div class=\"elementor-widget-container\">\n\t\t\t\t\t<h3 class=\"elementor-heading-title elementor-size-default\">Ili nas posjetite<\/h3>\t\t\t\t<\/div>\n\t\t\t\t<\/div>\n\t\t\t\t\t<\/div>\n\t\t<\/div>\n\t\t\t\t\t<\/div>\n\t\t<\/section>\n\t\t\t\t<section class=\"elementor-section elementor-top-section elementor-element elementor-element-26cda19 elementor-section-boxed elementor-section-height-default elementor-section-height-default\" data-id=\"26cda19\" data-element_type=\"section\" data-e-type=\"section\">\n\t\t\t\t\t\t<div class=\"elementor-container elementor-column-gap-default\">\n\t\t\t\t\t<div class=\"elementor-column elementor-col-100 elementor-top-column elementor-element elementor-element-073ad2b\" data-id=\"073ad2b\" data-element_type=\"column\" data-e-type=\"column\">\n\t\t\t<div class=\"elementor-widget-wrap elementor-element-populated\">\n\t\t\t\t\t\t<div class=\"elementor-element elementor-element-dc71d7a elementor-widget elementor-widget-google_maps\" data-id=\"dc71d7a\" data-element_type=\"widget\" data-e-type=\"widget\" data-widget_type=\"google_maps.default\">\n\t\t\t\t<div class=\"elementor-widget-container\">\n\t\t\t\t\t\t\t<div class=\"elementor-custom-embed\">\n\t\t\t<iframe loading=\"lazy\"\n\t\t\t\t\tsrc=\"https:\/\/maps.google.com\/maps?q=Merhemi%C4%87a%20trg%202%2C%20Sarajevo&#038;t=m&#038;z=16&#038;output=embed&#038;iwloc=near\"\n\t\t\t\t\ttitle=\"Merhemi\u0107a trg 2, Sarajevo\"\n\t\t\t\t\taria-label=\"Merhemi\u0107a trg 2, Sarajevo\"\n\t\t\t><\/iframe>\n\t\t<\/div>\n\t\t\t\t\t\t<\/div>\n\t\t\t\t<\/div>\n\t\t\t\t\t<\/div>\n\t\t<\/div>\n\t\t\t\t\t<\/div>\n\t\t<\/section>\n\t\t\t\t<\/div>\n\t\t","protected":false},"excerpt":{"rendered":"<p>Kontaktirajte nas NEW LIFE INTERNATIONAL BH Merhemi\u0107a Trg 2, 71000 Sarajevo \/ Ciglane \/ Bosna i Hercegovina Tel: +387 61 868 111 \/ Mob\/WhatsApp: +387 61 868 111 Email: elma@newlifeturkey.com Facebook Instagram Whatsapp Po\u0161aljite nam poruku Please enable JavaScript in your browser to complete this form.Va\u0161e Ime i Prezime *Va\u0161 Email *Po\u0161aljite nam poruku *&#8230;<\/p>\n","protected":false},"author":1,"featured_media":0,"parent":0,"menu_order":0,"comment_status":"closed","ping_status":"closed","template":"","meta":{"footnotes":""},"class_list":["post-852","page","type-page","status-publish","hentry"],"yoast_head":"<!-- This site is optimized with the Yoast SEO plugin v24.3 - https:\/\/yoast.com\/wordpress\/plugins\/seo\/ -->\n<title>KONTAKT - NEKRETNINE U ALANJI<\/title>\n<meta name=\"robots\" content=\"index, follow, max-snippet:-1, max-image-preview:large, max-video-preview:-1\" \/>\n<link rel=\"canonical\" href=\"https:\/\/www.nekretnineualanji.com\/en\/kontakt\/\" \/>\n<meta property=\"og:locale\" content=\"en_US\" \/>\n<meta property=\"og:type\" content=\"article\" \/>\n<meta property=\"og:title\" content=\"KONTAKT - NEKRETNINE U ALANJI\" \/>\n<meta property=\"og:description\" content=\"Kontaktirajte nas NEW LIFE INTERNATIONAL BH Merhemi\u0107a Trg 2, 71000 Sarajevo \/ Ciglane \/ Bosna i Hercegovina Tel: +387 61 868 111 \/ Mob\/WhatsApp: +387 61 868 111 Email: elma@newlifeturkey.com Facebook Instagram Whatsapp Po\u0161aljite nam poruku Please enable JavaScript in your browser to complete this form.Va\u0161e Ime i Prezime *Va\u0161 Email *Po\u0161aljite nam poruku *...\" \/>\n<meta property=\"og:url\" content=\"https:\/\/www.nekretnineualanji.com\/en\/kontakt\/\" \/>\n<meta property=\"og:site_name\" content=\"NEKRETNINE U ALANJI\" \/>\n<meta property=\"article:modified_time\" content=\"2025-05-21T13:12:39+00:00\" \/>\n<meta property=\"og:image\" content=\"https:\/\/www.nekretnineualanji.com\/wp-content\/plugins\/wpforms-lite\/assets\/images\/submit-spin.svg\" \/>\n<meta name=\"twitter:card\" content=\"summary_large_image\" \/>\n<script type=\"application\/ld+json\" class=\"yoast-schema-graph\">{\"@context\":\"https:\/\/schema.org\",\"@graph\":[{\"@type\":\"WebPage\",\"@id\":\"https:\/\/www.nekretnineualanji.com\/en\/kontakt\/\",\"url\":\"https:\/\/www.nekretnineualanji.com\/en\/kontakt\/\",\"name\":\"KONTAKT - NEKRETNINE U ALANJI\",\"isPartOf\":{\"@id\":\"https:\/\/www.nekretnineualanji.com\/en\/#website\"},\"primaryImageOfPage\":{\"@id\":\"https:\/\/www.nekretnineualanji.com\/en\/kontakt\/#primaryimage\"},\"image\":{\"@id\":\"https:\/\/www.nekretnineualanji.com\/en\/kontakt\/#primaryimage\"},\"thumbnailUrl\":\"https:\/\/www.nekretnineualanji.com\/wp-content\/plugins\/wpforms-lite\/assets\/images\/submit-spin.svg\",\"datePublished\":\"2022-05-30T10:50:51+00:00\",\"dateModified\":\"2025-05-21T13:12:39+00:00\",\"breadcrumb\":{\"@id\":\"https:\/\/www.nekretnineualanji.com\/en\/kontakt\/#breadcrumb\"},\"inLanguage\":\"en-US\",\"potentialAction\":[{\"@type\":\"ReadAction\",\"target\":[\"https:\/\/www.nekretnineualanji.com\/en\/kontakt\/\"]}]},{\"@type\":\"ImageObject\",\"inLanguage\":\"en-US\",\"@id\":\"https:\/\/www.nekretnineualanji.com\/en\/kontakt\/#primaryimage\",\"url\":\"https:\/\/www.nekretnineualanji.com\/wp-content\/plugins\/wpforms-lite\/assets\/images\/submit-spin.svg\",\"contentUrl\":\"https:\/\/www.nekretnineualanji.com\/wp-content\/plugins\/wpforms-lite\/assets\/images\/submit-spin.svg\"},{\"@type\":\"BreadcrumbList\",\"@id\":\"https:\/\/www.nekretnineualanji.com\/en\/kontakt\/#breadcrumb\",\"itemListElement\":[{\"@type\":\"ListItem\",\"position\":1,\"name\":\"Home\",\"item\":\"https:\/\/www.nekretnineualanji.com\/en\/\"},{\"@type\":\"ListItem\",\"position\":2,\"name\":\"KONTAKT\"}]},{\"@type\":\"WebSite\",\"@id\":\"https:\/\/www.nekretnineualanji.com\/en\/#website\",\"url\":\"https:\/\/www.nekretnineualanji.com\/en\/\",\"name\":\"NEKRETNINE U ALANJI\",\"description\":\"NEKRETNINE U TURSKOJ\",\"publisher\":{\"@id\":\"https:\/\/www.nekretnineualanji.com\/en\/#organization\"},\"potentialAction\":[{\"@type\":\"SearchAction\",\"target\":{\"@type\":\"EntryPoint\",\"urlTemplate\":\"https:\/\/www.nekretnineualanji.com\/en\/?s={search_term_string}\"},\"query-input\":{\"@type\":\"PropertyValueSpecification\",\"valueRequired\":true,\"valueName\":\"search_term_string\"}}],\"inLanguage\":\"en-US\"},{\"@type\":\"Organization\",\"@id\":\"https:\/\/www.nekretnineualanji.com\/en\/#organization\",\"name\":\"NEKRETNINE U ALANJI\",\"url\":\"https:\/\/www.nekretnineualanji.com\/en\/\",\"logo\":{\"@type\":\"ImageObject\",\"inLanguage\":\"en-US\",\"@id\":\"https:\/\/www.nekretnineualanji.com\/en\/#\/schema\/logo\/image\/\",\"url\":\"https:\/\/www.nekretnineualanji.com\/wp-content\/uploads\/2022\/06\/crni-logo-1.jpg\",\"contentUrl\":\"https:\/\/www.nekretnineualanji.com\/wp-content\/uploads\/2022\/06\/crni-logo-1.jpg\",\"width\":300,\"height\":80,\"caption\":\"NEKRETNINE U ALANJI\"},\"image\":{\"@id\":\"https:\/\/www.nekretnineualanji.com\/en\/#\/schema\/logo\/image\/\"}}]}<\/script>\n<!-- \/ Yoast SEO plugin. -->","yoast_head_json":{"title":"KONTAKT - NEKRETNINE U ALANJI","robots":{"index":"index","follow":"follow","max-snippet":"max-snippet:-1","max-image-preview":"max-image-preview:large","max-video-preview":"max-video-preview:-1"},"canonical":"https:\/\/www.nekretnineualanji.com\/en\/kontakt\/","og_locale":"en_US","og_type":"article","og_title":"KONTAKT - NEKRETNINE U ALANJI","og_description":"Kontaktirajte nas NEW LIFE INTERNATIONAL BH Merhemi\u0107a Trg 2, 71000 Sarajevo \/ Ciglane \/ Bosna i Hercegovina Tel: +387 61 868 111 \/ Mob\/WhatsApp: +387 61 868 111 Email: elma@newlifeturkey.com Facebook Instagram Whatsapp Po\u0161aljite nam poruku Please enable JavaScript in your browser to complete this form.Va\u0161e Ime i Prezime *Va\u0161 Email *Po\u0161aljite nam poruku *...","og_url":"https:\/\/www.nekretnineualanji.com\/en\/kontakt\/","og_site_name":"NEKRETNINE U ALANJI","article_modified_time":"2025-05-21T13:12:39+00:00","og_image":[{"url":"https:\/\/www.nekretnineualanji.com\/wp-content\/plugins\/wpforms-lite\/assets\/images\/submit-spin.svg","type":"","width":"","height":""}],"twitter_card":"summary_large_image","schema":{"@context":"https:\/\/schema.org","@graph":[{"@type":"WebPage","@id":"https:\/\/www.nekretnineualanji.com\/en\/kontakt\/","url":"https:\/\/www.nekretnineualanji.com\/en\/kontakt\/","name":"KONTAKT - NEKRETNINE U ALANJI","isPartOf":{"@id":"https:\/\/www.nekretnineualanji.com\/en\/#website"},"primaryImageOfPage":{"@id":"https:\/\/www.nekretnineualanji.com\/en\/kontakt\/#primaryimage"},"image":{"@id":"https:\/\/www.nekretnineualanji.com\/en\/kontakt\/#primaryimage"},"thumbnailUrl":"https:\/\/www.nekretnineualanji.com\/wp-content\/plugins\/wpforms-lite\/assets\/images\/submit-spin.svg","datePublished":"2022-05-30T10:50:51+00:00","dateModified":"2025-05-21T13:12:39+00:00","breadcrumb":{"@id":"https:\/\/www.nekretnineualanji.com\/en\/kontakt\/#breadcrumb"},"inLanguage":"en-US","potentialAction":[{"@type":"ReadAction","target":["https:\/\/www.nekretnineualanji.com\/en\/kontakt\/"]}]},{"@type":"ImageObject","inLanguage":"en-US","@id":"https:\/\/www.nekretnineualanji.com\/en\/kontakt\/#primaryimage","url":"https:\/\/www.nekretnineualanji.com\/wp-content\/plugins\/wpforms-lite\/assets\/images\/submit-spin.svg","contentUrl":"https:\/\/www.nekretnineualanji.com\/wp-content\/plugins\/wpforms-lite\/assets\/images\/submit-spin.svg"},{"@type":"BreadcrumbList","@id":"https:\/\/www.nekretnineualanji.com\/en\/kontakt\/#breadcrumb","itemListElement":[{"@type":"ListItem","position":1,"name":"Home","item":"https:\/\/www.nekretnineualanji.com\/en\/"},{"@type":"ListItem","position":2,"name":"KONTAKT"}]},{"@type":"WebSite","@id":"https:\/\/www.nekretnineualanji.com\/en\/#website","url":"https:\/\/www.nekretnineualanji.com\/en\/","name":"NEKRETNINE U ALANJI","description":"NEKRETNINE U TURSKOJ","publisher":{"@id":"https:\/\/www.nekretnineualanji.com\/en\/#organization"},"potentialAction":[{"@type":"SearchAction","target":{"@type":"EntryPoint","urlTemplate":"https:\/\/www.nekretnineualanji.com\/en\/?s={search_term_string}"},"query-input":{"@type":"PropertyValueSpecification","valueRequired":true,"valueName":"search_term_string"}}],"inLanguage":"en-US"},{"@type":"Organization","@id":"https:\/\/www.nekretnineualanji.com\/en\/#organization","name":"NEKRETNINE U ALANJI","url":"https:\/\/www.nekretnineualanji.com\/en\/","logo":{"@type":"ImageObject","inLanguage":"en-US","@id":"https:\/\/www.nekretnineualanji.com\/en\/#\/schema\/logo\/image\/","url":"https:\/\/www.nekretnineualanji.com\/wp-content\/uploads\/2022\/06\/crni-logo-1.jpg","contentUrl":"https:\/\/www.nekretnineualanji.com\/wp-content\/uploads\/2022\/06\/crni-logo-1.jpg","width":300,"height":80,"caption":"NEKRETNINE U ALANJI"},"image":{"@id":"https:\/\/www.nekretnineualanji.com\/en\/#\/schema\/logo\/image\/"}}]}},"_links":{"self":[{"href":"https:\/\/www.nekretnineualanji.com\/en\/wp-json\/wp\/v2\/pages\/852","targetHints":{"allow":["GET"]}}],"collection":[{"href":"https:\/\/www.nekretnineualanji.com\/en\/wp-json\/wp\/v2\/pages"}],"about":[{"href":"https:\/\/www.nekretnineualanji.com\/en\/wp-json\/wp\/v2\/types\/page"}],"author":[{"embeddable":true,"href":"https:\/\/www.nekretnineualanji.com\/en\/wp-json\/wp\/v2\/users\/1"}],"replies":[{"embeddable":true,"href":"https:\/\/www.nekretnineualanji.com\/en\/wp-json\/wp\/v2\/comments?post=852"}],"version-history":[{"count":16,"href":"https:\/\/www.nekretnineualanji.com\/en\/wp-json\/wp\/v2\/pages\/852\/revisions"}],"predecessor-version":[{"id":4221,"href":"https:\/\/www.nekretnineualanji.com\/en\/wp-json\/wp\/v2\/pages\/852\/revisions\/4221"}],"wp:attachment":[{"href":"https:\/\/www.nekretnineualanji.com\/en\/wp-json\/wp\/v2\/media?parent=852"}],"curies":[{"name":"wp","href":"https:\/\/api.w.org\/{rel}","templated":true}]}}