{"id":848,"date":"2022-06-03T14:08:18","date_gmt":"2022-06-03T12:08:18","guid":{"rendered":"https:\/\/www.nekretnineualanji.com\/zasto-ulagati-u-tursku\/alanya\/"},"modified":"2023-05-10T08:07:21","modified_gmt":"2023-05-10T06:07:21","slug":"alanja","status":"publish","type":"page","link":"https:\/\/www.nekretnineualanji.com\/en\/zasto-ulagati-u-tursku\/alanja\/","title":{"rendered":"ALANJA"},"content":{"rendered":"\t\t<div data-elementor-type=\"wp-page\" data-elementor-id=\"848\" class=\"elementor elementor-848 elementor-179\">\n\t\t\t\t\t\t<section class=\"elementor-section elementor-top-section elementor-element elementor-element-8261d0f elementor-section-full_width elementor-section-height-default elementor-section-height-default\" data-id=\"8261d0f\" data-element_type=\"section\" data-e-type=\"section\">\n\t\t\t\t\t\t<div class=\"elementor-container elementor-column-gap-default\">\n\t\t\t\t\t<div class=\"elementor-column elementor-col-100 elementor-top-column elementor-element elementor-element-7de0efd\" data-id=\"7de0efd\" data-element_type=\"column\" data-e-type=\"column\">\n\t\t\t<div class=\"elementor-widget-wrap elementor-element-populated\">\n\t\t\t\t\t\t<div class=\"elementor-element elementor-element-d7be921 elementor-widget elementor-widget-video\" data-id=\"d7be921\" data-element_type=\"widget\" data-e-type=\"widget\" data-settings=\"{&quot;youtube_url&quot;:&quot;https:\\\/\\\/www.youtube.com\\\/watch?v=qvhw0tt-xJs&quot;,&quot;autoplay&quot;:&quot;yes&quot;,&quot;play_on_mobile&quot;:&quot;yes&quot;,&quot;loop&quot;:&quot;yes&quot;,&quot;video_type&quot;:&quot;youtube&quot;,&quot;controls&quot;:&quot;yes&quot;}\" data-widget_type=\"video.default\">\n\t\t\t\t<div class=\"elementor-widget-container\">\n\t\t\t\t\t\t\t<div class=\"elementor-wrapper elementor-open-inline\">\n\t\t\t<div class=\"elementor-video\"><\/div>\t\t<\/div>\n\t\t\t\t\t\t<\/div>\n\t\t\t\t<\/div>\n\t\t\t\t\t<\/div>\n\t\t<\/div>\n\t\t\t\t\t<\/div>\n\t\t<\/section>\n\t\t\t\t<section class=\"elementor-section elementor-top-section elementor-element elementor-element-4f3bb68 elementor-section-full_width elementor-section-height-default elementor-section-height-default\" data-id=\"4f3bb68\" data-element_type=\"section\" data-e-type=\"section\">\n\t\t\t\t\t\t<div class=\"elementor-container elementor-column-gap-default\">\n\t\t\t\t\t<div class=\"elementor-column elementor-col-100 elementor-top-column elementor-element elementor-element-bedba1e\" data-id=\"bedba1e\" data-element_type=\"column\" data-e-type=\"column\">\n\t\t\t<div class=\"elementor-widget-wrap elementor-element-populated\">\n\t\t\t\t\t\t<div class=\"elementor-element elementor-element-939a3bd elementor-widget elementor-widget-heading\" data-id=\"939a3bd\" data-element_type=\"widget\" data-e-type=\"widget\" data-widget_type=\"heading.default\">\n\t\t\t\t<div class=\"elementor-widget-container\">\n\t\t\t\t\t<h2 class=\"elementor-heading-title elementor-size-default\">Alanja je svjetska turisti\u010dka destinacija sa najve\u0107im brojem turista koji se vra\u0107aju.<\/h2>\t\t\t\t<\/div>\n\t\t\t\t<\/div>\n\t\t\t\t<div class=\"elementor-element elementor-element-fd0d7dc elementor-widget elementor-widget-text-editor\" data-id=\"fd0d7dc\" data-element_type=\"widget\" data-e-type=\"widget\" data-widget_type=\"text-editor.default\">\n\t\t\t\t<div class=\"elementor-widget-container\">\n\t\t\t\t\t\t\t\t\t<p style=\"text-align: justify;\"><strong>Alanja<\/strong>\u00a0se nalazi oko 100 kilometara (65 milja) isto\u010dno od\u00a0Antalije. Locirana je na predivnom poluostrvu izme\u0111u\u00a0kristalno \u010distog Sredozemnog mora\u00a0na jugu i\u00a0Taurus planina na severu.\u00a0Zbog preko 300 sun\u010danih dana u godini, lijepe i blage klime, \u010distog mora i prekrasnih pje\u0161\u010danih plaza, Alanja je jedna od najpopularnijih svjetskih destinacija za odmor i razlog zbog kojeg se svake godine u nju vra\u0107aju milioni turista iz cijelog svijeta. Veliki broj tih turista, posebno iz Njema\u010dke, Holandije, Skandinavije, Rusije, Velike Britanije, a u posljenje vrijeme i iz Sjedinjenih dr\u017eava i Bosne i Hercegovine, se odlu\u010dio na kupovinu nekretnine u Alanji, za odmor, penziju ili u svrhu daljeg investiranja.<\/p><p style=\"text-align: justify;\">Istorijski gledano, smatra se da je ovo podru\u010dje bilo naseljeno jo\u0161 od paleolitskog doba.\u00a0Oko 4. vijeka prije nove ere, grad je bio poznat pod nazivom Coracesium.\u00a0\u00a0Tokom rimskog perioda, u drugom vijeku nove ere, grad je postao jedan od ekonomski najprosperitetnijih centara i kovao je sopstveni novac.<\/p><h5 style=\"text-align: justify;\">Kao takva, Alanja obiluje nekim od najljep\u0161ih anti\u010dkih spomenika i pe\u0107ina u svijetu.<\/h5><p style=\"text-align: justify;\">Za\u0161titni znal Alanje je stara tvr\u0111ava, koja je u sredi\u0161tu poluotoka Alanze izgra\u0111ena na vrhu brda i okru\u017eena zidom dugim 6,5 kilometara. Opremljena je sa 140 kula, a u najvi\u0161em dijelu\u00a0 se prostire na 250 metara nadmorske visine.\u00a0Isto\u010dni dio zida ove nevjerovatne gra\u0111evine se spu\u0161ta niz brdo sve do mora, do Crvene kule.\u00a0Dvorac na tvr\u0111avi, kakav danas vidimo, je sagradjen u 13. vijeku\u00a0, ali njegovi temelji datiraju iz helenisti\u010dkog perioda.\u00a0<\/p><p style=\"text-align: justify;\">Interesantno je napomenuti da je iz nekog neobja\u0161njivog razloga zrak u kuli dobar za astmati\u010dare koji dolaze tokom cijele godine iz cijeloga svijeta.<\/p>\t\t\t\t\t\t\t\t<\/div>\n\t\t\t\t<\/div>\n\t\t\t\t\t<\/div>\n\t\t<\/div>\n\t\t\t\t\t<\/div>\n\t\t<\/section>\n\t\t\t\t<section class=\"elementor-section elementor-top-section elementor-element elementor-element-9ce1cd0 elementor-section-full_width elementor-section-height-default elementor-section-height-default\" data-id=\"9ce1cd0\" data-element_type=\"section\" data-e-type=\"section\">\n\t\t\t\t\t\t\t<div class=\"elementor-background-overlay\"><\/div>\n\t\t\t\t\t\t\t<div class=\"elementor-container elementor-column-gap-default\">\n\t\t\t\t\t<div class=\"elementor-column elementor-col-100 elementor-top-column elementor-element elementor-element-6ccf2a4\" data-id=\"6ccf2a4\" data-element_type=\"column\" data-e-type=\"column\">\n\t\t\t<div class=\"elementor-widget-wrap elementor-element-populated\">\n\t\t\t\t\t\t<div class=\"elementor-element elementor-element-b77c264 elementor-invisible elementor-widget elementor-widget-rhea-properties-cities-widget\" data-id=\"b77c264\" data-element_type=\"widget\" data-e-type=\"widget\" data-settings=\"{&quot;_animation&quot;:&quot;slideInLeft&quot;}\" data-widget_type=\"rhea-properties-cities-widget.default\">\n\t\t\t\t<div class=\"elementor-widget-container\">\n\t\t\t\t\t            <div class=\"rhea_properties_cities_wrapper classic\">\n\t\t\t\t                        <div class=\"rhea_property_city\">\n                            <a class=\"rhea_property_city_inner\" style=\"flex-direction: column\" href=\"https:\/\/www.nekretnineualanji.com\/lokacija-nekretnine\/alanya\/\">\n\n                                <span class=\"rhea_pc_layer_still\" style='background-image: url(\"https:\/\/www.nekretnineualanji.com\/wp-content\/uploads\/2022\/07\/alanya-3577580_1920-1024x768.jpg\")'><\/span>\n                                <span class=\"rhea_pc_layer\"><\/span>\n\n                                <h3 class=\"rhea_city_title\"\n\t\t\t\t\t\t\t\t\t                                        style=\"align-self: center \"\n\t\t\t\t\t\t\t\t\t\t                                >\n\t\t\t\t\t\t\t\t\tPRETRA\u017dI NEKRETNINE U ALANJI                                <\/h3>\n\n\n                                <span class=\"rhea_pc_counter\" style=\"align-self: flex-end\">\n\n                    <span class=\"rhea_pc_count\">\n                            7                    <\/span>\n\n                          <span class=\"rhea_pc_label\">\n                           Nekretnine                    <\/span>\n                        <\/span>\n\n                            <\/a>\n                        <\/div>\n\t\t\t\t\t\t\n\t\t\t\t\t\n            <\/div>\n\t\t\t\n\n\t\t\t\t\t\t<\/div>\n\t\t\t\t<\/div>\n\t\t\t\t\t<\/div>\n\t\t<\/div>\n\t\t\t\t\t<\/div>\n\t\t<\/section>\n\t\t\t\t<\/div>\n\t\t","protected":false},"excerpt":{"rendered":"<p>Alanja je svjetska turisti\u010dka destinacija sa najve\u0107im brojem turista koji se vra\u0107aju. Alanja\u00a0se nalazi oko 100 kilometara (65 milja) isto\u010dno od\u00a0Antalije. Locirana je na predivnom poluostrvu izme\u0111u\u00a0kristalno \u010distog Sredozemnog mora\u00a0na jugu i\u00a0Taurus planina na severu.\u00a0Zbog preko 300 sun\u010danih dana u godini, lijepe i blage klime, \u010distog mora i prekrasnih pje\u0161\u010danih plaza, Alanja je jedna od&#8230;<\/p>\n","protected":false},"author":1,"featured_media":812,"parent":847,"menu_order":0,"comment_status":"closed","ping_status":"closed","template":"","meta":{"footnotes":""},"class_list":["post-848","page","type-page","status-publish","has-post-thumbnail","hentry"],"yoast_head":"<!-- This site is optimized with the Yoast SEO plugin v24.3 - https:\/\/yoast.com\/wordpress\/plugins\/seo\/ -->\n<title>Alanja - Nekretnine u Alanji<\/title>\n<meta name=\"description\" content=\"Alanja - Locirana je na predivnom poluostrvu izme\u0111u kristalno \u010distog Sredozemnog mora na jugu i Taurus planina na severu.\" \/>\n<meta name=\"robots\" content=\"index, follow, max-snippet:-1, max-image-preview:large, max-video-preview:-1\" \/>\n<link rel=\"canonical\" href=\"https:\/\/www.nekretnineualanji.com\/en\/zasto-ulagati-u-tursku\/alanja\/\" \/>\n<meta property=\"og:locale\" content=\"en_US\" \/>\n<meta property=\"og:type\" content=\"article\" \/>\n<meta property=\"og:title\" content=\"Alanja - Nekretnine u Alanji\" \/>\n<meta property=\"og:description\" content=\"Alanja - Locirana je na predivnom poluostrvu izme\u0111u kristalno \u010distog Sredozemnog mora na jugu i Taurus planina na severu.\" \/>\n<meta property=\"og:url\" content=\"https:\/\/www.nekretnineualanji.com\/en\/zasto-ulagati-u-tursku\/alanja\/\" \/>\n<meta property=\"og:site_name\" content=\"NEKRETNINE U ALANJI\" \/>\n<meta property=\"article:modified_time\" content=\"2023-05-10T06:07:21+00:00\" \/>\n<meta property=\"og:image\" content=\"https:\/\/www.nekretnineualanji.com\/wp-content\/uploads\/2022\/07\/alanya-3577580_1920.jpg\" \/>\n\t<meta property=\"og:image:width\" content=\"1920\" \/>\n\t<meta property=\"og:image:height\" content=\"1440\" \/>\n\t<meta property=\"og:image:type\" content=\"image\/jpeg\" \/>\n<meta name=\"twitter:card\" content=\"summary_large_image\" \/>\n<meta name=\"twitter:label1\" content=\"Est. reading time\" \/>\n\t<meta name=\"twitter:data1\" content=\"2 minutes\" \/>\n<script type=\"application\/ld+json\" class=\"yoast-schema-graph\">{\"@context\":\"https:\/\/schema.org\",\"@graph\":[{\"@type\":\"WebPage\",\"@id\":\"https:\/\/www.nekretnineualanji.com\/en\/zasto-ulagati-u-tursku\/alanja\/\",\"url\":\"https:\/\/www.nekretnineualanji.com\/en\/zasto-ulagati-u-tursku\/alanja\/\",\"name\":\"Alanja - Nekretnine u Alanji\",\"isPartOf\":{\"@id\":\"https:\/\/www.nekretnineualanji.com\/en\/#website\"},\"primaryImageOfPage\":{\"@id\":\"https:\/\/www.nekretnineualanji.com\/en\/zasto-ulagati-u-tursku\/alanja\/#primaryimage\"},\"image\":{\"@id\":\"https:\/\/www.nekretnineualanji.com\/en\/zasto-ulagati-u-tursku\/alanja\/#primaryimage\"},\"thumbnailUrl\":\"https:\/\/www.nekretnineualanji.com\/wp-content\/uploads\/2022\/07\/alanya-3577580_1920.jpg\",\"datePublished\":\"2022-06-03T12:08:18+00:00\",\"dateModified\":\"2023-05-10T06:07:21+00:00\",\"description\":\"Alanja - Locirana je na predivnom poluostrvu izme\u0111u kristalno \u010distog Sredozemnog mora na jugu i Taurus planina na severu.\",\"breadcrumb\":{\"@id\":\"https:\/\/www.nekretnineualanji.com\/en\/zasto-ulagati-u-tursku\/alanja\/#breadcrumb\"},\"inLanguage\":\"en-US\",\"potentialAction\":[{\"@type\":\"ReadAction\",\"target\":[\"https:\/\/www.nekretnineualanji.com\/en\/zasto-ulagati-u-tursku\/alanja\/\"]}]},{\"@type\":\"ImageObject\",\"inLanguage\":\"en-US\",\"@id\":\"https:\/\/www.nekretnineualanji.com\/en\/zasto-ulagati-u-tursku\/alanja\/#primaryimage\",\"url\":\"https:\/\/www.nekretnineualanji.com\/wp-content\/uploads\/2022\/07\/alanya-3577580_1920.jpg\",\"contentUrl\":\"https:\/\/www.nekretnineualanji.com\/wp-content\/uploads\/2022\/07\/alanya-3577580_1920.jpg\",\"width\":1920,\"height\":1440,\"caption\":\"Alanja\"},{\"@type\":\"BreadcrumbList\",\"@id\":\"https:\/\/www.nekretnineualanji.com\/en\/zasto-ulagati-u-tursku\/alanja\/#breadcrumb\",\"itemListElement\":[{\"@type\":\"ListItem\",\"position\":1,\"name\":\"Home\",\"item\":\"https:\/\/www.nekretnineualanji.com\/en\/\"},{\"@type\":\"ListItem\",\"position\":2,\"name\":\"ZA\u0160TO ULAGATI U TURSKU\",\"item\":\"https:\/\/www.nekretnineualanji.com\/en\/zasto-ulagati-u-tursku\/\"},{\"@type\":\"ListItem\",\"position\":3,\"name\":\"ALANJA\"}]},{\"@type\":\"WebSite\",\"@id\":\"https:\/\/www.nekretnineualanji.com\/en\/#website\",\"url\":\"https:\/\/www.nekretnineualanji.com\/en\/\",\"name\":\"NEKRETNINE U ALANJI\",\"description\":\"NEKRETNINE U TURSKOJ\",\"publisher\":{\"@id\":\"https:\/\/www.nekretnineualanji.com\/en\/#organization\"},\"potentialAction\":[{\"@type\":\"SearchAction\",\"target\":{\"@type\":\"EntryPoint\",\"urlTemplate\":\"https:\/\/www.nekretnineualanji.com\/en\/?s={search_term_string}\"},\"query-input\":{\"@type\":\"PropertyValueSpecification\",\"valueRequired\":true,\"valueName\":\"search_term_string\"}}],\"inLanguage\":\"en-US\"},{\"@type\":\"Organization\",\"@id\":\"https:\/\/www.nekretnineualanji.com\/en\/#organization\",\"name\":\"NEKRETNINE U ALANJI\",\"url\":\"https:\/\/www.nekretnineualanji.com\/en\/\",\"logo\":{\"@type\":\"ImageObject\",\"inLanguage\":\"en-US\",\"@id\":\"https:\/\/www.nekretnineualanji.com\/en\/#\/schema\/logo\/image\/\",\"url\":\"https:\/\/www.nekretnineualanji.com\/wp-content\/uploads\/2022\/06\/crni-logo-1.jpg\",\"contentUrl\":\"https:\/\/www.nekretnineualanji.com\/wp-content\/uploads\/2022\/06\/crni-logo-1.jpg\",\"width\":300,\"height\":80,\"caption\":\"NEKRETNINE U ALANJI\"},\"image\":{\"@id\":\"https:\/\/www.nekretnineualanji.com\/en\/#\/schema\/logo\/image\/\"}}]}<\/script>\n<!-- \/ Yoast SEO plugin. -->","yoast_head_json":{"title":"Alanja - Nekretnine u Alanji","description":"Alanja - Locirana je na predivnom poluostrvu izme\u0111u kristalno \u010distog Sredozemnog mora na jugu i Taurus planina na severu.","robots":{"index":"index","follow":"follow","max-snippet":"max-snippet:-1","max-image-preview":"max-image-preview:large","max-video-preview":"max-video-preview:-1"},"canonical":"https:\/\/www.nekretnineualanji.com\/en\/zasto-ulagati-u-tursku\/alanja\/","og_locale":"en_US","og_type":"article","og_title":"Alanja - Nekretnine u Alanji","og_description":"Alanja - Locirana je na predivnom poluostrvu izme\u0111u kristalno \u010distog Sredozemnog mora na jugu i Taurus planina na severu.","og_url":"https:\/\/www.nekretnineualanji.com\/en\/zasto-ulagati-u-tursku\/alanja\/","og_site_name":"NEKRETNINE U ALANJI","article_modified_time":"2023-05-10T06:07:21+00:00","og_image":[{"width":1920,"height":1440,"url":"https:\/\/www.nekretnineualanji.com\/wp-content\/uploads\/2022\/07\/alanya-3577580_1920.jpg","type":"image\/jpeg"}],"twitter_card":"summary_large_image","twitter_misc":{"Est. reading time":"2 minutes"},"schema":{"@context":"https:\/\/schema.org","@graph":[{"@type":"WebPage","@id":"https:\/\/www.nekretnineualanji.com\/en\/zasto-ulagati-u-tursku\/alanja\/","url":"https:\/\/www.nekretnineualanji.com\/en\/zasto-ulagati-u-tursku\/alanja\/","name":"Alanja - Nekretnine u Alanji","isPartOf":{"@id":"https:\/\/www.nekretnineualanji.com\/en\/#website"},"primaryImageOfPage":{"@id":"https:\/\/www.nekretnineualanji.com\/en\/zasto-ulagati-u-tursku\/alanja\/#primaryimage"},"image":{"@id":"https:\/\/www.nekretnineualanji.com\/en\/zasto-ulagati-u-tursku\/alanja\/#primaryimage"},"thumbnailUrl":"https:\/\/www.nekretnineualanji.com\/wp-content\/uploads\/2022\/07\/alanya-3577580_1920.jpg","datePublished":"2022-06-03T12:08:18+00:00","dateModified":"2023-05-10T06:07:21+00:00","description":"Alanja - Locirana je na predivnom poluostrvu izme\u0111u kristalno \u010distog Sredozemnog mora na jugu i Taurus planina na severu.","breadcrumb":{"@id":"https:\/\/www.nekretnineualanji.com\/en\/zasto-ulagati-u-tursku\/alanja\/#breadcrumb"},"inLanguage":"en-US","potentialAction":[{"@type":"ReadAction","target":["https:\/\/www.nekretnineualanji.com\/en\/zasto-ulagati-u-tursku\/alanja\/"]}]},{"@type":"ImageObject","inLanguage":"en-US","@id":"https:\/\/www.nekretnineualanji.com\/en\/zasto-ulagati-u-tursku\/alanja\/#primaryimage","url":"https:\/\/www.nekretnineualanji.com\/wp-content\/uploads\/2022\/07\/alanya-3577580_1920.jpg","contentUrl":"https:\/\/www.nekretnineualanji.com\/wp-content\/uploads\/2022\/07\/alanya-3577580_1920.jpg","width":1920,"height":1440,"caption":"Alanja"},{"@type":"BreadcrumbList","@id":"https:\/\/www.nekretnineualanji.com\/en\/zasto-ulagati-u-tursku\/alanja\/#breadcrumb","itemListElement":[{"@type":"ListItem","position":1,"name":"Home","item":"https:\/\/www.nekretnineualanji.com\/en\/"},{"@type":"ListItem","position":2,"name":"ZA\u0160TO ULAGATI U TURSKU","item":"https:\/\/www.nekretnineualanji.com\/en\/zasto-ulagati-u-tursku\/"},{"@type":"ListItem","position":3,"name":"ALANJA"}]},{"@type":"WebSite","@id":"https:\/\/www.nekretnineualanji.com\/en\/#website","url":"https:\/\/www.nekretnineualanji.com\/en\/","name":"NEKRETNINE U ALANJI","description":"NEKRETNINE U TURSKOJ","publisher":{"@id":"https:\/\/www.nekretnineualanji.com\/en\/#organization"},"potentialAction":[{"@type":"SearchAction","target":{"@type":"EntryPoint","urlTemplate":"https:\/\/www.nekretnineualanji.com\/en\/?s={search_term_string}"},"query-input":{"@type":"PropertyValueSpecification","valueRequired":true,"valueName":"search_term_string"}}],"inLanguage":"en-US"},{"@type":"Organization","@id":"https:\/\/www.nekretnineualanji.com\/en\/#organization","name":"NEKRETNINE U ALANJI","url":"https:\/\/www.nekretnineualanji.com\/en\/","logo":{"@type":"ImageObject","inLanguage":"en-US","@id":"https:\/\/www.nekretnineualanji.com\/en\/#\/schema\/logo\/image\/","url":"https:\/\/www.nekretnineualanji.com\/wp-content\/uploads\/2022\/06\/crni-logo-1.jpg","contentUrl":"https:\/\/www.nekretnineualanji.com\/wp-content\/uploads\/2022\/06\/crni-logo-1.jpg","width":300,"height":80,"caption":"NEKRETNINE U ALANJI"},"image":{"@id":"https:\/\/www.nekretnineualanji.com\/en\/#\/schema\/logo\/image\/"}}]}},"_links":{"self":[{"href":"https:\/\/www.nekretnineualanji.com\/en\/wp-json\/wp\/v2\/pages\/848","targetHints":{"allow":["GET"]}}],"collection":[{"href":"https:\/\/www.nekretnineualanji.com\/en\/wp-json\/wp\/v2\/pages"}],"about":[{"href":"https:\/\/www.nekretnineualanji.com\/en\/wp-json\/wp\/v2\/types\/page"}],"author":[{"embeddable":true,"href":"https:\/\/www.nekretnineualanji.com\/en\/wp-json\/wp\/v2\/users\/1"}],"replies":[{"embeddable":true,"href":"https:\/\/www.nekretnineualanji.com\/en\/wp-json\/wp\/v2\/comments?post=848"}],"version-history":[{"count":5,"href":"https:\/\/www.nekretnineualanji.com\/en\/wp-json\/wp\/v2\/pages\/848\/revisions"}],"predecessor-version":[{"id":1317,"href":"https:\/\/www.nekretnineualanji.com\/en\/wp-json\/wp\/v2\/pages\/848\/revisions\/1317"}],"up":[{"embeddable":true,"href":"https:\/\/www.nekretnineualanji.com\/en\/wp-json\/wp\/v2\/pages\/847"}],"wp:featuredmedia":[{"embeddable":true,"href":"https:\/\/www.nekretnineualanji.com\/en\/wp-json\/wp\/v2\/media\/812"}],"wp:attachment":[{"href":"https:\/\/www.nekretnineualanji.com\/en\/wp-json\/wp\/v2\/media?parent=848"}],"curies":[{"name":"wp","href":"https:\/\/api.w.org\/{rel}","templated":true}]}}