{"id":847,"date":"2022-06-03T14:06:43","date_gmt":"2022-06-03T12:06:43","guid":{"rendered":"https:\/\/www.nekretnineualanji.com\/zasto-ulagati-u-tursku\/"},"modified":"2023-05-09T10:59:11","modified_gmt":"2023-05-09T08:59:11","slug":"zasto-ulagati-u-tursku","status":"publish","type":"page","link":"https:\/\/www.nekretnineualanji.com\/en\/zasto-ulagati-u-tursku\/","title":{"rendered":"ZA\u0160TO ULAGATI U TURSKU"},"content":{"rendered":"\t\t<div data-elementor-type=\"wp-page\" data-elementor-id=\"847\" class=\"elementor elementor-847 elementor-177\">\n\t\t\t\t\t\t<section class=\"elementor-section elementor-top-section elementor-element elementor-element-7b8f98f elementor-section-full_width elementor-section-height-default elementor-section-height-default\" data-id=\"7b8f98f\" data-element_type=\"section\" data-e-type=\"section\">\n\t\t\t\t\t\t<div class=\"elementor-container elementor-column-gap-default\">\n\t\t\t\t\t<div class=\"elementor-column elementor-col-100 elementor-top-column elementor-element elementor-element-18d510d\" data-id=\"18d510d\" data-element_type=\"column\" data-e-type=\"column\">\n\t\t\t<div class=\"elementor-widget-wrap elementor-element-populated\">\n\t\t\t\t\t\t<div class=\"elementor-element elementor-element-9c8f4b6 elementor-widget elementor-widget-video\" data-id=\"9c8f4b6\" data-element_type=\"widget\" data-e-type=\"widget\" data-settings=\"{&quot;youtube_url&quot;:&quot;https:\\\/\\\/youtu.be\\\/RmIJvBO8rsM&quot;,&quot;autoplay&quot;:&quot;yes&quot;,&quot;play_on_mobile&quot;:&quot;yes&quot;,&quot;loop&quot;:&quot;yes&quot;,&quot;video_type&quot;:&quot;youtube&quot;,&quot;controls&quot;:&quot;yes&quot;}\" data-widget_type=\"video.default\">\n\t\t\t\t<div class=\"elementor-widget-container\">\n\t\t\t\t\t\t\t<div class=\"elementor-wrapper elementor-open-inline\">\n\t\t\t<div class=\"elementor-video\"><\/div>\t\t<\/div>\n\t\t\t\t\t\t<\/div>\n\t\t\t\t<\/div>\n\t\t\t\t\t<\/div>\n\t\t<\/div>\n\t\t\t\t\t<\/div>\n\t\t<\/section>\n\t\t\t\t<section class=\"elementor-section elementor-top-section elementor-element elementor-element-5233590 elementor-section-full_width elementor-section-height-default elementor-section-height-default\" data-id=\"5233590\" data-element_type=\"section\" data-e-type=\"section\" data-settings=\"{&quot;background_background&quot;:&quot;classic&quot;}\">\n\t\t\t\t\t\t<div class=\"elementor-container elementor-column-gap-default\">\n\t\t\t\t\t<div class=\"elementor-column elementor-col-100 elementor-top-column elementor-element elementor-element-5d151c8\" data-id=\"5d151c8\" data-element_type=\"column\" data-e-type=\"column\">\n\t\t\t<div class=\"elementor-widget-wrap elementor-element-populated\">\n\t\t\t\t\t\t<div class=\"elementor-element elementor-element-1d04e29 elementor-widget elementor-widget-heading\" data-id=\"1d04e29\" data-element_type=\"widget\" data-e-type=\"widget\" data-widget_type=\"heading.default\">\n\t\t\t\t<div class=\"elementor-widget-container\">\n\t\t\t\t\t<h2 class=\"elementor-heading-title elementor-size-default\">Za\u0161to je Turska jedna od najboljih destinacija za putovanje i investiciju? <\/h2>\t\t\t\t<\/div>\n\t\t\t\t<\/div>\n\t\t\t\t\t<\/div>\n\t\t<\/div>\n\t\t\t\t\t<\/div>\n\t\t<\/section>\n\t\t\t\t<section class=\"elementor-section elementor-top-section elementor-element elementor-element-377c074 elementor-section-full_width elementor-section-height-default elementor-section-height-default\" data-id=\"377c074\" data-element_type=\"section\" data-e-type=\"section\">\n\t\t\t\t\t\t<div class=\"elementor-container elementor-column-gap-default\">\n\t\t\t\t\t<div class=\"elementor-column elementor-col-100 elementor-top-column elementor-element elementor-element-c87c5dc\" data-id=\"c87c5dc\" data-element_type=\"column\" data-e-type=\"column\">\n\t\t\t<div class=\"elementor-widget-wrap elementor-element-populated\">\n\t\t\t\t\t\t<div class=\"elementor-element elementor-element-6ccfef5 elementor-widget elementor-widget-text-editor\" data-id=\"6ccfef5\" data-element_type=\"widget\" data-e-type=\"widget\" data-widget_type=\"text-editor.default\">\n\t\t\t\t<div class=\"elementor-widget-container\">\n\t\t\t\t\t\t\t\t\t<p style=\"text-align: justify;\">Turska ima prekrasne, kilometrima duga\u010dke i lijepo odr\u017eavane pla\u017ee, luksuzne resorte,\u00a0 prekrasnu orijentalnu kuhinju, i izuzetno povoljne restoranske cijene i tro\u0161kova \u017eivota uop\u0161te. \u00a0Idealna je destinacija unutar i van letnje sezone jer Turska obala ima preko 300 sun\u010danih dana u godini, izuzetno \u010dist zrak i prekrasnu i netaknutu prirodu.<\/p><p style=\"text-align: justify;\">Turski narod je poznat je po svojoj gostoprimljivosti i ljubaznosti. Gde god odete bit \u0107ete do\u010dekani sa osmijehom.<\/p><p style=\"text-align: justify;\">Da li ste znali da se pri\u010da o Odiseju i Heleni i \u010duvenom Trojanskom konju odigrala upravo na podru\u010dju dana\u0161nje Turske gdje se na obali Dardanele nalaze ostaci ovoga \u010duvenog anti\u010dkog grada? Tu mo\u017eete posjetiti i Artemisov hram koji je jedan od sedam svjetkih \u010duda. Turska je tako\u0111er domovina jedne od najljep\u0161ih i najdu\u017eih pla\u017ea na svijetu, pla\u017ee Kleopatre u Alanji, koju je Marko Antonije poklonio Kleopatri na jednom od svojih osvajanja, kao i Istanbula, nekada\u0161njeg centra isto\u010dnog Rimskog carstva i jedinog grada na svijetu koji le\u017ei na dva kontinenta, Evropi i Aziji.<\/p>\t\t\t\t\t\t\t\t<\/div>\n\t\t\t\t<\/div>\n\t\t\t\t\t<\/div>\n\t\t<\/div>\n\t\t\t\t\t<\/div>\n\t\t<\/section>\n\t\t\t\t<section class=\"elementor-section elementor-top-section elementor-element elementor-element-285288f elementor-section-full_width elementor-section-height-default elementor-section-height-default\" data-id=\"285288f\" data-element_type=\"section\" data-e-type=\"section\">\n\t\t\t\t\t\t<div class=\"elementor-container elementor-column-gap-default\">\n\t\t\t\t\t<div class=\"elementor-column elementor-col-100 elementor-top-column elementor-element elementor-element-c7bcb63\" data-id=\"c7bcb63\" data-element_type=\"column\" data-e-type=\"column\">\n\t\t\t<div class=\"elementor-widget-wrap elementor-element-populated\">\n\t\t\t\t\t\t<div class=\"elementor-element elementor-element-7708713 elementor-widget elementor-widget-heading\" data-id=\"7708713\" data-element_type=\"widget\" data-e-type=\"widget\" data-widget_type=\"heading.default\">\n\t\t\t\t<div class=\"elementor-widget-container\">\n\t\t\t\t\t<h2 class=\"elementor-heading-title elementor-size-default\">Za\u0161to je Tursko tr\u017ei\u0161te nekretnina u stalnom rastu i za\u0161to privla\u010di strane ulaga\u010de iz cijelog svijeta? <\/h2>\t\t\t\t<\/div>\n\t\t\t\t<\/div>\n\t\t\t\t\t<\/div>\n\t\t<\/div>\n\t\t\t\t\t<\/div>\n\t\t<\/section>\n\t\t\t\t<section class=\"elementor-section elementor-top-section elementor-element elementor-element-c43aed6 elementor-section-full_width elementor-section-height-default elementor-section-height-default\" data-id=\"c43aed6\" data-element_type=\"section\" data-e-type=\"section\">\n\t\t\t\t\t\t<div class=\"elementor-container elementor-column-gap-default\">\n\t\t\t\t\t<div class=\"elementor-column elementor-col-100 elementor-top-column elementor-element elementor-element-a3c254f\" data-id=\"a3c254f\" data-element_type=\"column\" data-e-type=\"column\">\n\t\t\t<div class=\"elementor-widget-wrap elementor-element-populated\">\n\t\t\t\t\t\t<div class=\"elementor-element elementor-element-8398585 elementor-widget elementor-widget-text-editor\" data-id=\"8398585\" data-element_type=\"widget\" data-e-type=\"widget\" data-widget_type=\"text-editor.default\">\n\t\t\t\t<div class=\"elementor-widget-container\">\n\t\t\t\t\t\t\t\t\t<p style=\"text-align: justify;\">Svake godine statistike pokazuju pove\u0107anje prodaje turske stambene i poslovne imovine stranim dr\u017eavljanima. Bez obzira na globalno stanje ekonomije, interes stranih investitora za nekretnine u Turskoj ne jenjava.<\/p><p style=\"text-align: justify;\"><strong><em>Evo nekih od osnovnih razloga koji ulaganje u nekretnine u Turskoj \u010dine izuzetno unosnim:<\/em><\/strong><\/p><ul><li style=\"text-align: justify;\">komercijalno ulaganje koje vam zbog turisti\u010dke sezone koja traje gotovo 10 mjeseci u godini omogu\u0107ava <strong><em>siguran pasivni prihod tokom \u010ditave godine<\/em><\/strong>,<\/li><li style=\"text-align: justify;\">reguliranje statusa li\u010dnog boravka, koje vam kao stranom dr\u017eavljaninu donosi brojne prednosti kao \u0161to je <strong><em>besplatno zdravstveno osiguranje i osigurana medicinska njega<\/em><\/strong> u zemlji koja ima jedan od najja\u010dih i najbolje organizovanih zdravstvenih sistema u Evropi,\u00a0<\/li><li style=\"text-align: justify;\"><strong><em>mogu\u0107nost dobivanja Turskog pasosa brzom i jednostavnom procedurom<\/em><\/strong> \u0161to vam omogu\u0107ava slobodnu, bezviznu posjetu za preko 130 zemalja svijeta. Visina poterbnog ulaganja za dobivanje dr\u017eavljanstva od sredine juna iznosi 400.000 USD procijenjene vrijednosti nekretnine.<\/li><li style=\"text-align: justify;\"><strong><em>Nakon 5 godina \u017eivota u Turskoj, mo\u017eete dobiti tursko dr\u017eavljanstvo<\/em><\/strong> i u\u017eivati \u200b\u200bu svim pogodnostima dr\u017eavljanstva zemlje, kao \u0161to su turski paso\u0161, pravo glasa itd.<\/li><\/ul>\t\t\t\t\t\t\t\t<\/div>\n\t\t\t\t<\/div>\n\t\t\t\t\t<\/div>\n\t\t<\/div>\n\t\t\t\t\t<\/div>\n\t\t<\/section>\n\t\t\t\t<section class=\"elementor-section elementor-top-section elementor-element elementor-element-bf2591c elementor-section-full_width elementor-section-height-default elementor-section-height-default\" data-id=\"bf2591c\" data-element_type=\"section\" data-e-type=\"section\" data-settings=\"{&quot;background_background&quot;:&quot;classic&quot;}\">\n\t\t\t\t\t\t\t<div class=\"elementor-background-overlay\"><\/div>\n\t\t\t\t\t\t\t<div class=\"elementor-container elementor-column-gap-default\">\n\t\t\t\t\t<div class=\"elementor-column elementor-col-100 elementor-top-column elementor-element elementor-element-6dab833\" data-id=\"6dab833\" data-element_type=\"column\" data-e-type=\"column\">\n\t\t\t<div class=\"elementor-widget-wrap elementor-element-populated\">\n\t\t\t\t\t\t<div class=\"elementor-element elementor-element-406590f elementor-invisible elementor-widget elementor-widget-heading\" data-id=\"406590f\" data-element_type=\"widget\" data-e-type=\"widget\" data-settings=\"{&quot;_animation&quot;:&quot;rotateInUpRight&quot;}\" data-widget_type=\"heading.default\">\n\t\t\t\t<div class=\"elementor-widget-container\">\n\t\t\t\t\t<h2 class=\"elementor-heading-title elementor-size-default\"><a href=\"https:\/\/www.nekretnineualanji.com\/kontakt\/\" target=\"_blank\">Obratite nam se za neobavezan informativni razgovor.<\/a><\/h2>\t\t\t\t<\/div>\n\t\t\t\t<\/div>\n\t\t\t\t\t<\/div>\n\t\t<\/div>\n\t\t\t\t\t<\/div>\n\t\t<\/section>\n\t\t\t\t<\/div>\n\t\t","protected":false},"excerpt":{"rendered":"<p>Za\u0161to je Turska jedna od najboljih destinacija za putovanje i investiciju? Turska ima prekrasne, kilometrima duga\u010dke i lijepo odr\u017eavane pla\u017ee, luksuzne resorte,\u00a0 prekrasnu orijentalnu kuhinju, i izuzetno povoljne restoranske cijene i tro\u0161kova \u017eivota uop\u0161te. \u00a0Idealna je destinacija unutar i van letnje sezone jer Turska obala ima preko 300 sun\u010danih dana u godini, izuzetno \u010dist zrak&#8230;<\/p>\n","protected":false},"author":1,"featured_media":0,"parent":0,"menu_order":0,"comment_status":"closed","ping_status":"closed","template":"","meta":{"footnotes":""},"class_list":["post-847","page","type-page","status-publish","hentry"],"yoast_head":"<!-- This site is optimized with the Yoast SEO plugin v24.3 - https:\/\/yoast.com\/wordpress\/plugins\/seo\/ -->\n<title>ZA\u0160TO ULAGATI U TURSKU - NEKRETNINE U ALANJI<\/title>\n<meta name=\"robots\" content=\"index, follow, max-snippet:-1, max-image-preview:large, max-video-preview:-1\" \/>\n<link rel=\"canonical\" href=\"https:\/\/www.nekretnineualanji.com\/en\/zasto-ulagati-u-tursku\/\" \/>\n<meta property=\"og:locale\" content=\"en_US\" \/>\n<meta property=\"og:type\" content=\"article\" \/>\n<meta property=\"og:title\" content=\"ZA\u0160TO ULAGATI U TURSKU - NEKRETNINE U ALANJI\" \/>\n<meta property=\"og:description\" content=\"Za\u0161to je Turska jedna od najboljih destinacija za putovanje i investiciju? Turska ima prekrasne, kilometrima duga\u010dke i lijepo odr\u017eavane pla\u017ee, luksuzne resorte,\u00a0 prekrasnu orijentalnu kuhinju, i izuzetno povoljne restoranske cijene i tro\u0161kova \u017eivota uop\u0161te. \u00a0Idealna je destinacija unutar i van letnje sezone jer Turska obala ima preko 300 sun\u010danih dana u godini, izuzetno \u010dist zrak...\" \/>\n<meta property=\"og:url\" content=\"https:\/\/www.nekretnineualanji.com\/en\/zasto-ulagati-u-tursku\/\" \/>\n<meta property=\"og:site_name\" content=\"NEKRETNINE U ALANJI\" \/>\n<meta property=\"article:modified_time\" content=\"2023-05-09T08:59:11+00:00\" \/>\n<meta name=\"twitter:card\" content=\"summary_large_image\" \/>\n<meta name=\"twitter:label1\" content=\"Est. reading time\" \/>\n\t<meta name=\"twitter:data1\" content=\"2 minutes\" \/>\n<script type=\"application\/ld+json\" class=\"yoast-schema-graph\">{\"@context\":\"https:\/\/schema.org\",\"@graph\":[{\"@type\":\"WebPage\",\"@id\":\"https:\/\/www.nekretnineualanji.com\/en\/zasto-ulagati-u-tursku\/\",\"url\":\"https:\/\/www.nekretnineualanji.com\/en\/zasto-ulagati-u-tursku\/\",\"name\":\"ZA\u0160TO ULAGATI U TURSKU - NEKRETNINE U ALANJI\",\"isPartOf\":{\"@id\":\"https:\/\/www.nekretnineualanji.com\/en\/#website\"},\"datePublished\":\"2022-06-03T12:06:43+00:00\",\"dateModified\":\"2023-05-09T08:59:11+00:00\",\"breadcrumb\":{\"@id\":\"https:\/\/www.nekretnineualanji.com\/en\/zasto-ulagati-u-tursku\/#breadcrumb\"},\"inLanguage\":\"en-US\",\"potentialAction\":[{\"@type\":\"ReadAction\",\"target\":[\"https:\/\/www.nekretnineualanji.com\/en\/zasto-ulagati-u-tursku\/\"]}]},{\"@type\":\"BreadcrumbList\",\"@id\":\"https:\/\/www.nekretnineualanji.com\/en\/zasto-ulagati-u-tursku\/#breadcrumb\",\"itemListElement\":[{\"@type\":\"ListItem\",\"position\":1,\"name\":\"Home\",\"item\":\"https:\/\/www.nekretnineualanji.com\/en\/\"},{\"@type\":\"ListItem\",\"position\":2,\"name\":\"ZA\u0160TO ULAGATI U TURSKU\"}]},{\"@type\":\"WebSite\",\"@id\":\"https:\/\/www.nekretnineualanji.com\/en\/#website\",\"url\":\"https:\/\/www.nekretnineualanji.com\/en\/\",\"name\":\"NEKRETNINE U ALANJI\",\"description\":\"NEKRETNINE U TURSKOJ\",\"publisher\":{\"@id\":\"https:\/\/www.nekretnineualanji.com\/en\/#organization\"},\"potentialAction\":[{\"@type\":\"SearchAction\",\"target\":{\"@type\":\"EntryPoint\",\"urlTemplate\":\"https:\/\/www.nekretnineualanji.com\/en\/?s={search_term_string}\"},\"query-input\":{\"@type\":\"PropertyValueSpecification\",\"valueRequired\":true,\"valueName\":\"search_term_string\"}}],\"inLanguage\":\"en-US\"},{\"@type\":\"Organization\",\"@id\":\"https:\/\/www.nekretnineualanji.com\/en\/#organization\",\"name\":\"NEKRETNINE U ALANJI\",\"url\":\"https:\/\/www.nekretnineualanji.com\/en\/\",\"logo\":{\"@type\":\"ImageObject\",\"inLanguage\":\"en-US\",\"@id\":\"https:\/\/www.nekretnineualanji.com\/en\/#\/schema\/logo\/image\/\",\"url\":\"https:\/\/www.nekretnineualanji.com\/wp-content\/uploads\/2022\/06\/crni-logo-1.jpg\",\"contentUrl\":\"https:\/\/www.nekretnineualanji.com\/wp-content\/uploads\/2022\/06\/crni-logo-1.jpg\",\"width\":300,\"height\":80,\"caption\":\"NEKRETNINE U ALANJI\"},\"image\":{\"@id\":\"https:\/\/www.nekretnineualanji.com\/en\/#\/schema\/logo\/image\/\"}}]}<\/script>\n<!-- \/ Yoast SEO plugin. -->","yoast_head_json":{"title":"ZA\u0160TO ULAGATI U TURSKU - NEKRETNINE U ALANJI","robots":{"index":"index","follow":"follow","max-snippet":"max-snippet:-1","max-image-preview":"max-image-preview:large","max-video-preview":"max-video-preview:-1"},"canonical":"https:\/\/www.nekretnineualanji.com\/en\/zasto-ulagati-u-tursku\/","og_locale":"en_US","og_type":"article","og_title":"ZA\u0160TO ULAGATI U TURSKU - NEKRETNINE U ALANJI","og_description":"Za\u0161to je Turska jedna od najboljih destinacija za putovanje i investiciju? Turska ima prekrasne, kilometrima duga\u010dke i lijepo odr\u017eavane pla\u017ee, luksuzne resorte,\u00a0 prekrasnu orijentalnu kuhinju, i izuzetno povoljne restoranske cijene i tro\u0161kova \u017eivota uop\u0161te. \u00a0Idealna je destinacija unutar i van letnje sezone jer Turska obala ima preko 300 sun\u010danih dana u godini, izuzetno \u010dist zrak...","og_url":"https:\/\/www.nekretnineualanji.com\/en\/zasto-ulagati-u-tursku\/","og_site_name":"NEKRETNINE U ALANJI","article_modified_time":"2023-05-09T08:59:11+00:00","twitter_card":"summary_large_image","twitter_misc":{"Est. reading time":"2 minutes"},"schema":{"@context":"https:\/\/schema.org","@graph":[{"@type":"WebPage","@id":"https:\/\/www.nekretnineualanji.com\/en\/zasto-ulagati-u-tursku\/","url":"https:\/\/www.nekretnineualanji.com\/en\/zasto-ulagati-u-tursku\/","name":"ZA\u0160TO ULAGATI U TURSKU - NEKRETNINE U ALANJI","isPartOf":{"@id":"https:\/\/www.nekretnineualanji.com\/en\/#website"},"datePublished":"2022-06-03T12:06:43+00:00","dateModified":"2023-05-09T08:59:11+00:00","breadcrumb":{"@id":"https:\/\/www.nekretnineualanji.com\/en\/zasto-ulagati-u-tursku\/#breadcrumb"},"inLanguage":"en-US","potentialAction":[{"@type":"ReadAction","target":["https:\/\/www.nekretnineualanji.com\/en\/zasto-ulagati-u-tursku\/"]}]},{"@type":"BreadcrumbList","@id":"https:\/\/www.nekretnineualanji.com\/en\/zasto-ulagati-u-tursku\/#breadcrumb","itemListElement":[{"@type":"ListItem","position":1,"name":"Home","item":"https:\/\/www.nekretnineualanji.com\/en\/"},{"@type":"ListItem","position":2,"name":"ZA\u0160TO ULAGATI U TURSKU"}]},{"@type":"WebSite","@id":"https:\/\/www.nekretnineualanji.com\/en\/#website","url":"https:\/\/www.nekretnineualanji.com\/en\/","name":"NEKRETNINE U ALANJI","description":"NEKRETNINE U TURSKOJ","publisher":{"@id":"https:\/\/www.nekretnineualanji.com\/en\/#organization"},"potentialAction":[{"@type":"SearchAction","target":{"@type":"EntryPoint","urlTemplate":"https:\/\/www.nekretnineualanji.com\/en\/?s={search_term_string}"},"query-input":{"@type":"PropertyValueSpecification","valueRequired":true,"valueName":"search_term_string"}}],"inLanguage":"en-US"},{"@type":"Organization","@id":"https:\/\/www.nekretnineualanji.com\/en\/#organization","name":"NEKRETNINE U ALANJI","url":"https:\/\/www.nekretnineualanji.com\/en\/","logo":{"@type":"ImageObject","inLanguage":"en-US","@id":"https:\/\/www.nekretnineualanji.com\/en\/#\/schema\/logo\/image\/","url":"https:\/\/www.nekretnineualanji.com\/wp-content\/uploads\/2022\/06\/crni-logo-1.jpg","contentUrl":"https:\/\/www.nekretnineualanji.com\/wp-content\/uploads\/2022\/06\/crni-logo-1.jpg","width":300,"height":80,"caption":"NEKRETNINE U ALANJI"},"image":{"@id":"https:\/\/www.nekretnineualanji.com\/en\/#\/schema\/logo\/image\/"}}]}},"_links":{"self":[{"href":"https:\/\/www.nekretnineualanji.com\/en\/wp-json\/wp\/v2\/pages\/847","targetHints":{"allow":["GET"]}}],"collection":[{"href":"https:\/\/www.nekretnineualanji.com\/en\/wp-json\/wp\/v2\/pages"}],"about":[{"href":"https:\/\/www.nekretnineualanji.com\/en\/wp-json\/wp\/v2\/types\/page"}],"author":[{"embeddable":true,"href":"https:\/\/www.nekretnineualanji.com\/en\/wp-json\/wp\/v2\/users\/1"}],"replies":[{"embeddable":true,"href":"https:\/\/www.nekretnineualanji.com\/en\/wp-json\/wp\/v2\/comments?post=847"}],"version-history":[{"count":4,"href":"https:\/\/www.nekretnineualanji.com\/en\/wp-json\/wp\/v2\/pages\/847\/revisions"}],"predecessor-version":[{"id":1195,"href":"https:\/\/www.nekretnineualanji.com\/en\/wp-json\/wp\/v2\/pages\/847\/revisions\/1195"}],"wp:attachment":[{"href":"https:\/\/www.nekretnineualanji.com\/en\/wp-json\/wp\/v2\/media?parent=847"}],"curies":[{"name":"wp","href":"https:\/\/api.w.org\/{rel}","templated":true}]}}