{"id":846,"date":"2022-06-16T09:11:55","date_gmt":"2022-06-16T07:11:55","guid":{"rendered":"https:\/\/www.nekretnineualanji.com\/o-nama\/"},"modified":"2023-05-09T11:09:55","modified_gmt":"2023-05-09T09:09:55","slug":"o-nama","status":"publish","type":"page","link":"https:\/\/www.nekretnineualanji.com\/en\/o-nama\/","title":{"rendered":"O NAMA"},"content":{"rendered":"\t\t<div data-elementor-type=\"wp-page\" data-elementor-id=\"846\" class=\"elementor elementor-846 elementor-313\">\n\t\t\t\t\t\t<section class=\"elementor-section elementor-top-section elementor-element elementor-element-10ef3f9 elementor-section-boxed elementor-section-height-default elementor-section-height-default\" data-id=\"10ef3f9\" data-element_type=\"section\" data-e-type=\"section\">\n\t\t\t\t\t\t<div class=\"elementor-container elementor-column-gap-default\">\n\t\t\t\t\t<div class=\"elementor-column elementor-col-100 elementor-top-column elementor-element elementor-element-54f1640\" data-id=\"54f1640\" data-element_type=\"column\" data-e-type=\"column\">\n\t\t\t<div class=\"elementor-widget-wrap elementor-element-populated\">\n\t\t\t\t\t\t<div class=\"elementor-element elementor-element-4405816 elementor-widget elementor-widget-text-editor\" data-id=\"4405816\" data-element_type=\"widget\" data-e-type=\"widget\" data-widget_type=\"text-editor.default\">\n\t\t\t\t<div class=\"elementor-widget-container\">\n\t\t\t\t\t\t\t\t\t<h3 style=\"text-align: justify;\">Ukoliko ste zainteresirani za nekretnine u Turskoj, prava smo adresa za vas.<\/h3><p style=\"text-align: justify;\">Mi smo jedna od najbolje rankiranih turskih agencija za kupoprodaju nekretnina sa najboljim omjerom cijene i kvaliteta nekretnine koju kupujete.<\/p><p style=\"text-align: justify;\"><span style=\"font-weight: inherit; color: var(--rh-global-color-text);\">S&#8217;obzirom da je tr\u017ei\u0161te nekretnina u Turskoj u stalnom rastu, te da je interes za investiranje u nekretnine u Turskoj sve prisutniji i kod BiH gra\u0111ana, odlu\u010dili smo se otvoriti firmu u Sarajevu i tako Vam direktno biti na raspolaganju. Posjetite nas ili nam se javite, i mi \u0107emo do\u0107i do Vas, bez obzira u kojem dijelu Bosne i Hercegovine se nalazite.<\/span><\/p><h4 style=\"text-align: justify;\"><span style=\"font-weight: inherit; color: var(--rh-global-color-text);\">Za klijente iz Bosne i Hercegovine nudimo kompletnu uslugu \u201cklju\u010d u ruke\u201d uz apsolutnu sigurnost, povjerljivost, za\u0161titu podataka i vrhunski kvalitet usluge. <\/span><\/h4><p style=\"text-align: justify;\"><span style=\"font-weight: inherit; color: var(--rh-global-color-text);\">Na\u0161 tim specijalizovanih stru\u010dnjaka, obu\u010davan u na\u0161oj centrali u Turskoj, uvijek vam je na raspolaganju, bilo da samo razmi\u0161ljate o investiranju u nekretnine u Turskoj ili ste se vec odlu\u010dili za taj korak. Stanovi, ku\u0107e, i vile u Turskoj na moru, u Istanbulu, ili na Sjevernom Kipru \u0107e sa nama lako i jednostavno postati va\u0161a stvarnost.<\/span><\/p><p style=\"text-align: justify;\"><span style=\"font-weight: inherit; color: var(--rh-global-color-text);\">U velikom istra\u017eivanju sprovedenom u Turskoj, na\u0161i su klijenti na\u0161u efikasnost, sveobuhvatnost i kvalitet na\u0161ih usluga ocijenili sa najboljom ocjenom od pet zvjezdica. To je ne\u0161to \u0161to smo zaslu\u017eili i na \u0161ta smo vrlo ponosni.<\/span><\/p><p style=\"text-align: justify;\"><span style=\"font-weight: inherit; color: var(--rh-global-color-text);\">Garantiramo vam povjerljivost, pouzdanost i fleksibilnost, kao i podrsku na va\u0161em putu kupovine nekretnine u Turskoj, bilo da se odlu\u010dite za suncanu Alanju, Sjeverni Kipar, ili za u\u017eurbanu metropolu Istanbul.<\/span><\/p><p style=\"text-align: justify;\"><span style=\"font-weight: inherit; color: var(--rh-global-color-text);\">Na\u0161 tim u Turskoj broji preko 60\u00a0 zaposlenih radnika, od kojih je 40 visokokvalifikovanih agenata za prodaju nekretnina, koji \u0107e se pobrinuti za to da kupovina nekretnine u Turskoj za vas bude veoma pozitivno i isplativo iskustvo.\u00a0<\/span><\/p>\t\t\t\t\t\t\t\t<\/div>\n\t\t\t\t<\/div>\n\t\t\t\t\t<\/div>\n\t\t<\/div>\n\t\t\t\t\t<\/div>\n\t\t<\/section>\n\t\t\t\t<section class=\"elementor-section elementor-top-section elementor-element elementor-element-5b5ad1a elementor-section-full_width elementor-section-height-default elementor-section-height-default\" data-id=\"5b5ad1a\" data-element_type=\"section\" data-e-type=\"section\" data-settings=\"{&quot;background_background&quot;:&quot;classic&quot;}\">\n\t\t\t\t\t\t<div class=\"elementor-container elementor-column-gap-default\">\n\t\t\t\t\t<div class=\"elementor-column elementor-col-50 elementor-top-column elementor-element elementor-element-8e38ac1\" data-id=\"8e38ac1\" data-element_type=\"column\" data-e-type=\"column\">\n\t\t\t<div class=\"elementor-widget-wrap elementor-element-populated\">\n\t\t\t\t\t\t<div class=\"elementor-element elementor-element-8563b3b elementor-button-success elementor-align-center elementor-widget elementor-widget-button\" data-id=\"8563b3b\" data-element_type=\"widget\" data-e-type=\"widget\" data-widget_type=\"button.default\">\n\t\t\t\t<div class=\"elementor-widget-container\">\n\t\t\t\t\t\t\t\t\t<div class=\"elementor-button-wrapper\">\n\t\t\t\t\t<a class=\"elementor-button elementor-button-link elementor-size-sm elementor-animation-pop\" href=\"https:\/\/www.nekretnineualanji.com\/kontakt\/\">\n\t\t\t\t\t\t<span class=\"elementor-button-content-wrapper\">\n\t\t\t\t\t\t\t\t\t<span class=\"elementor-button-text\">Kontaktirajte nas<\/span>\n\t\t\t\t\t<\/span>\n\t\t\t\t\t<\/a>\n\t\t\t\t<\/div>\n\t\t\t\t\t\t\t\t<\/div>\n\t\t\t\t<\/div>\n\t\t\t\t\t<\/div>\n\t\t<\/div>\n\t\t\t\t<div class=\"elementor-column elementor-col-50 elementor-top-column elementor-element elementor-element-677929e\" data-id=\"677929e\" data-element_type=\"column\" data-e-type=\"column\">\n\t\t\t<div class=\"elementor-widget-wrap elementor-element-populated\">\n\t\t\t\t\t\t<div class=\"elementor-element elementor-element-1021384 elementor-widget elementor-widget-text-editor\" data-id=\"1021384\" data-element_type=\"widget\" data-e-type=\"widget\" data-widget_type=\"text-editor.default\">\n\t\t\t\t<div class=\"elementor-widget-container\">\n\t\t\t\t\t\t\t\t\t<h3>ILI SE OBRATITE JEDNOM OD NA\u0160IH AGENATA<\/h3>\t\t\t\t\t\t\t\t<\/div>\n\t\t\t\t<\/div>\n\t\t\t\t\t<\/div>\n\t\t<\/div>\n\t\t\t\t\t<\/div>\n\t\t<\/section>\n\t\t\t\t<section class=\"elementor-section elementor-top-section elementor-element elementor-element-68d1ea5 elementor-section-full_width elementor-section-height-default elementor-section-height-default\" data-id=\"68d1ea5\" data-element_type=\"section\" data-e-type=\"section\" data-settings=\"{&quot;background_background&quot;:&quot;classic&quot;}\">\n\t\t\t\t\t\t<div class=\"elementor-container elementor-column-gap-default\">\n\t\t\t\t\t<div class=\"elementor-column elementor-col-100 elementor-top-column elementor-element elementor-element-fc8a452\" data-id=\"fc8a452\" data-element_type=\"column\" data-e-type=\"column\">\n\t\t\t<div class=\"elementor-widget-wrap elementor-element-populated\">\n\t\t\t\t\t\t<div class=\"elementor-element elementor-element-a0187be elementor-widget elementor-widget-ere-agents-widget-2\" data-id=\"a0187be\" data-element_type=\"widget\" data-e-type=\"widget\" data-widget_type=\"ere-agents-widget-2.default\">\n\t\t\t\t<div class=\"elementor-widget-container\">\n\t\t\t\t\t            <div class=\"rhea_wrapper_agents_two\">\n\n                <div class=\"rhea_section__agents_two rhea_col_3\">\n\t\t\t\t\t\n<article class=\"rhea_agent_two\">\n    <div class=\"rhea_agent_two_wrap\">\n\t\t            <div class=\"rhea_agent_two_thumbnail\">\n                <a href=\"https:\/\/www.nekretnineualanji.com\/agent\/elma-causevic\/\">\n\t\t\t\t\t<img decoding=\"async\" width=\"210\" height=\"210\" src=\"https:\/\/www.nekretnineualanji.com\/wp-content\/uploads\/2025\/05\/462508512_588239157066580_2299368404398184515_n-210x210.jpg\" class=\"attachment-agent-image size-agent-image wp-post-image\" alt=\"\" srcset=\"https:\/\/www.nekretnineualanji.com\/wp-content\/uploads\/2025\/05\/462508512_588239157066580_2299368404398184515_n-210x210.jpg 210w, https:\/\/www.nekretnineualanji.com\/wp-content\/uploads\/2025\/05\/462508512_588239157066580_2299368404398184515_n-300x300.jpg 300w, https:\/\/www.nekretnineualanji.com\/wp-content\/uploads\/2025\/05\/462508512_588239157066580_2299368404398184515_n-150x150.jpg 150w, https:\/\/www.nekretnineualanji.com\/wp-content\/uploads\/2025\/05\/462508512_588239157066580_2299368404398184515_n.jpg 640w\" sizes=\"(max-width: 210px) 100vw, 210px\" \/>                <\/a>\n            <\/div>\n\t\t\t        <div class=\"rhea_agent_two_details\">\n\t\t\t                <h3 class=\"rhea_agent_two_title\">\n\t\t\t\t\t<a href=\"https:\/\/www.nekretnineualanji.com\/agent\/elma-causevic\/\">Elma Causevic<\/a> \n\t\t\t\t\t                <\/h3>\n\t\t\t                <span class=\"rhea_agent_designation\">Certificirani Agent posredovanja u prometu nekretnina<\/span>\n\t\t\t\t                    <p class=\"rhea_agent_two_excerpt\">Broj: 01-01.1-103\/23<\/p>\n\t\t\t\t\t                <div class=\"rhea_agent_two_meta number whatsapp\">\n                    <i class=\"fab fa-whatsapp\"><\/i>&nbsp;\n                    <a href=\"https:\/\/wa.me\/+387%2061%20868%20111\" target=\"_blank\">\n\t\t\t\t\t\t+387 61 868 111                    <\/a>\n                <\/div>\n\t\t\t\t                <div class=\"rhea_agent_two_meta email\">\n                    <i class=\"fas fa-envelope\"><\/i>&nbsp;\n                    <a href=\"mailto:e&#108;ma&#064;newl&#105;&#102;&#101;t&#117;rk&#101;y&#046;&#099;&#111;&#109;\">\n\t\t\t\t\t\telma&#064;n&#101;&#119;&#108;if&#101;t&#117;&#114;key.c&#111;&#109;                    <\/a>\n                <\/div>\n\t\t\t\t        <\/div>\n        <!-- ending .rhea_agent_two_details div -->\n    <\/div>\n    <!-- ending .rhea_agent_two_wrap div -->\n<\/article>\n<!-- ending .rhea_agent_two article -->\n<article class=\"rhea_agent_two\">\n    <div class=\"rhea_agent_two_wrap\">\n\t\t        <div class=\"rhea_agent_two_details\">\n\t\t\t                <h3 class=\"rhea_agent_two_title\">\n\t\t\t\t\t<a href=\"\"><\/a> \n\t\t\t\t\t                <\/h3>\n\t\t\t                <span class=\"rhea_agent_designation\">Certificirani Agent posredovanja u prometu nekretnina<\/span>\n\t\t\t\t                    <p class=\"rhea_agent_two_excerpt\">Broj: 01- 01.1 -67\/23 <\/p>\n\t\t\t\t\t        <\/div>\n        <!-- ending .rhea_agent_two_details div -->\n    <\/div>\n    <!-- ending .rhea_agent_two_wrap div -->\n<\/article>\n<!-- ending .rhea_agent_two article -->                <\/div>\n\n            <\/div>\n\t\t\t\t\t\t\t<\/div>\n\t\t\t\t<\/div>\n\t\t\t\t<div class=\"elementor-element elementor-element-5309aad elementor-widget elementor-widget-text-editor\" data-id=\"5309aad\" data-element_type=\"widget\" data-e-type=\"widget\" data-widget_type=\"text-editor.default\">\n\t\t\t\t<div class=\"elementor-widget-container\">\n\t\t\t\t\t\t\t\t\t<h3 style=\"text-align: center;\">Na\u0161e licence<\/h3><h5 class=\"rh_section__desc\" style=\"text-align: center;\">New Life International BH Agencija za promet nekretnina upisana u Registar posrednika pod rednim\u00a0brojem\u00a090\/2023<\/h5><p style=\"text-align: center;\"><a href=\"http:\/\/www.nekretnineualanji.com\/wp-content\/uploads\/2023\/05\/Certifikat-Jasmina-Zilic-Sokolovic.pdf\" target=\"_blank\" rel=\"noopener\">Certificirani Agent posredovanja u prometu nekretnina &#8211; Jasmina Zilic Sokolovic<\/a><\/p><p style=\"text-align: center;\"><a href=\"http:\/\/www.nekretnineualanji.com\/wp-content\/uploads\/2023\/05\/Certifikat-Nerma-Sahmanovic.pdf\" target=\"_blank\" rel=\"noopener\">Certificirani Agent posredovanja u prometu nekretnina-\u00a0 Nerma Sahmanovic<\/a><\/p>\t\t\t\t\t\t\t\t<\/div>\n\t\t\t\t<\/div>\n\t\t\t\t\t<\/div>\n\t\t<\/div>\n\t\t\t\t\t<\/div>\n\t\t<\/section>\n\t\t\t\t<section class=\"elementor-section elementor-top-section elementor-element elementor-element-01c0e2e elementor-section-full_width elementor-section-height-default elementor-section-height-default\" data-id=\"01c0e2e\" data-element_type=\"section\" data-e-type=\"section\">\n\t\t\t\t\t\t<div class=\"elementor-container elementor-column-gap-default\">\n\t\t\t\t\t<div class=\"elementor-column elementor-col-100 elementor-top-column elementor-element elementor-element-4be2867\" data-id=\"4be2867\" data-element_type=\"column\" data-e-type=\"column\">\n\t\t\t<div class=\"elementor-widget-wrap elementor-element-populated\">\n\t\t\t\t\t\t<div class=\"elementor-element elementor-element-68cc569 elementor-widget elementor-widget-heading\" data-id=\"68cc569\" data-element_type=\"widget\" data-e-type=\"widget\" data-widget_type=\"heading.default\">\n\t\t\t\t<div class=\"elementor-widget-container\">\n\t\t\t\t\t<h2 class=\"elementor-heading-title elementor-size-default\">Pogledajte najnovije nekretnine<\/h2>\t\t\t\t<\/div>\n\t\t\t\t<\/div>\n\t\t\t\t\t<\/div>\n\t\t<\/div>\n\t\t\t\t\t<\/div>\n\t\t<\/section>\n\t\t\t\t<section class=\"elementor-section elementor-top-section elementor-element elementor-element-81b90bd elementor-section-full_width elementor-section-height-default elementor-section-height-default\" data-id=\"81b90bd\" data-element_type=\"section\" data-e-type=\"section\">\n\t\t\t\t\t\t<div class=\"elementor-container elementor-column-gap-default\">\n\t\t\t\t\t<div class=\"elementor-column elementor-col-100 elementor-top-column elementor-element elementor-element-6c200ed\" data-id=\"6c200ed\" data-element_type=\"column\" data-e-type=\"column\">\n\t\t\t<div class=\"elementor-widget-wrap elementor-element-populated\">\n\t\t\t\t\t\t<div class=\"elementor-element elementor-element-66ef767 elementor-widget elementor-widget-rhea-properties-widget\" data-id=\"66ef767\" data-element_type=\"widget\" data-e-type=\"widget\" data-widget_type=\"rhea-properties-widget.default\">\n\t\t\t\t<div class=\"elementor-widget-container\">\n\t\t\t\t\t        <section id=\"rh-66ef767\" class=\"rh_elementor_widget rh_latest-properties rhea_properties_default rhea_ele_property_ajax_target rhea_latest_properties_ajax elementor_properties_grid elementor_property_card_parent rhea_has_tooltip\">\n\t\t\t\n<div class=\"container-latest-properties\">\n    <div class=\"wrapper-section-contents\">\n        <div class=\"home-properties-section-inner home-properties-section-inner-target\">\n\t\t\t                <div class=\"rhea_svg_loader\">\n\t\t\t\t\t<svg xmlns=\"http:\/\/www.w3.org\/2000\/svg\" viewBox=\"0 0 32 32\" width=\"32\" height=\"32\" fill=\"#dedede\">\n  <path transform=\"translate(2)\" d=\"M0 12 V20 H4 V12z\"> \n    <animate attributeName=\"d\" values=\"M0 12 V20 H4 V12z; M0 4 V28 H4 V4z; M0 12 V20 H4 V12z; M0 12 V20 H4 V12z\" dur=\"1.2s\" repeatCount=\"indefinite\" begin=\"0\" keytimes=\"0;.2;.5;1\" keySplines=\"0.2 0.2 0.4 0.8;0.2 0.6 0.4 0.8;0.2 0.8 0.4 0.8\" calcMode=\"spline\"  \/>\n  <\/path>\n  <path transform=\"translate(8)\" d=\"M0 12 V20 H4 V12z\">\n    <animate attributeName=\"d\" values=\"M0 12 V20 H4 V12z; M0 4 V28 H4 V4z; M0 12 V20 H4 V12z; M0 12 V20 H4 V12z\" dur=\"1.2s\" repeatCount=\"indefinite\" begin=\"0.2\" keytimes=\"0;.2;.5;1\" keySplines=\"0.2 0.2 0.4 0.8;0.2 0.6 0.4 0.8;0.2 0.8 0.4 0.8\" calcMode=\"spline\"  \/>\n  <\/path>\n  <path transform=\"translate(14)\" d=\"M0 12 V20 H4 V12z\">\n    <animate attributeName=\"d\" values=\"M0 12 V20 H4 V12z; M0 4 V28 H4 V4z; M0 12 V20 H4 V12z; M0 12 V20 H4 V12z\" dur=\"1.2s\" repeatCount=\"indefinite\" begin=\"0.4\" keytimes=\"0;.2;.5;1\" keySplines=\"0.2 0.2 0.4 0.8;0.2 0.6 0.4 0.8;0.2 0.8 0.4 0.8\" calcMode=\"spline\" \/>\n  <\/path>\n  <path transform=\"translate(20)\" d=\"M0 12 V20 H4 V12z\">\n    <animate attributeName=\"d\" values=\"M0 12 V20 H4 V12z; M0 4 V28 H4 V4z; M0 12 V20 H4 V12z; M0 12 V20 H4 V12z\" dur=\"1.2s\" repeatCount=\"indefinite\" begin=\"0.6\" keytimes=\"0;.2;.5;1\" keySplines=\"0.2 0.2 0.4 0.8;0.2 0.6 0.4 0.8;0.2 0.8 0.4 0.8\" calcMode=\"spline\" \/>\n  <\/path>\n  <path transform=\"translate(26)\" d=\"M0 12 V20 H4 V12z\">\n    <animate attributeName=\"d\" values=\"M0 12 V20 H4 V12z; M0 4 V28 H4 V4z; M0 12 V20 H4 V12z; M0 12 V20 H4 V12z\" dur=\"1.2s\" repeatCount=\"indefinite\" begin=\"0.8\" keytimes=\"0;.2;.5;1\" keySplines=\"0.2 0.2 0.4 0.8;0.2 0.6 0.4 0.8;0.2 0.8 0.4 0.8\" calcMode=\"spline\" \/>\n  <\/path>\n<\/svg>\n                <\/div>\n\t\t\t\t<div class=\"rhea_pagination_wrapper\"><div class='pagination rhea-pagination-clean'><\/div><\/div>        <\/div>\n    <\/div>\n<\/div><!-- \/.rh_prop_card -->\n        <\/section>\n\t\t\t\t\t\t<\/div>\n\t\t\t\t<\/div>\n\t\t\t\t\t<\/div>\n\t\t<\/div>\n\t\t\t\t\t<\/div>\n\t\t<\/section>\n\t\t\t\t<\/div>\n\t\t","protected":false},"excerpt":{"rendered":"<p>Ukoliko ste zainteresirani za nekretnine u Turskoj, prava smo adresa za vas. Mi smo jedna od najbolje rankiranih turskih agencija za kupoprodaju nekretnina sa najboljim omjerom cijene i kvaliteta nekretnine koju kupujete. S&#8217;obzirom da je tr\u017ei\u0161te nekretnina u Turskoj u stalnom rastu, te da je interes za investiranje u nekretnine u Turskoj sve prisutniji i&#8230;<\/p>\n","protected":false},"author":1,"featured_media":0,"parent":0,"menu_order":0,"comment_status":"closed","ping_status":"closed","template":"","meta":{"footnotes":""},"class_list":["post-846","page","type-page","status-publish","hentry"],"yoast_head":"<!-- This site is optimized with the Yoast SEO plugin v24.3 - https:\/\/yoast.com\/wordpress\/plugins\/seo\/ -->\n<title>O NAMA - NEKRETNINE U ALANJI<\/title>\n<meta name=\"robots\" content=\"index, follow, max-snippet:-1, max-image-preview:large, max-video-preview:-1\" \/>\n<link rel=\"canonical\" href=\"https:\/\/www.nekretnineualanji.com\/en\/o-nama\/\" \/>\n<meta property=\"og:locale\" content=\"en_US\" \/>\n<meta property=\"og:type\" content=\"article\" \/>\n<meta property=\"og:title\" content=\"O NAMA - NEKRETNINE U ALANJI\" \/>\n<meta property=\"og:description\" content=\"Ukoliko ste zainteresirani za nekretnine u Turskoj, prava smo adresa za vas. Mi smo jedna od najbolje rankiranih turskih agencija za kupoprodaju nekretnina sa najboljim omjerom cijene i kvaliteta nekretnine koju kupujete. S&#8217;obzirom da je tr\u017ei\u0161te nekretnina u Turskoj u stalnom rastu, te da je interes za investiranje u nekretnine u Turskoj sve prisutniji i...\" \/>\n<meta property=\"og:url\" content=\"https:\/\/www.nekretnineualanji.com\/en\/o-nama\/\" \/>\n<meta property=\"og:site_name\" content=\"NEKRETNINE U ALANJI\" \/>\n<meta property=\"article:modified_time\" content=\"2023-05-09T09:09:55+00:00\" \/>\n<meta property=\"og:image\" content=\"http:\/\/www.nekretnineualanji.com\/wp-content\/uploads\/2022\/05\/Design-Nerma-210x210.png\" \/>\n<meta name=\"twitter:card\" content=\"summary_large_image\" \/>\n<meta name=\"twitter:label1\" content=\"Est. reading time\" \/>\n\t<meta name=\"twitter:data1\" content=\"2 minutes\" \/>\n<script type=\"application\/ld+json\" class=\"yoast-schema-graph\">{\"@context\":\"https:\/\/schema.org\",\"@graph\":[{\"@type\":\"WebPage\",\"@id\":\"https:\/\/www.nekretnineualanji.com\/en\/o-nama\/\",\"url\":\"https:\/\/www.nekretnineualanji.com\/en\/o-nama\/\",\"name\":\"O NAMA - NEKRETNINE U ALANJI\",\"isPartOf\":{\"@id\":\"https:\/\/www.nekretnineualanji.com\/en\/#website\"},\"primaryImageOfPage\":{\"@id\":\"https:\/\/www.nekretnineualanji.com\/en\/o-nama\/#primaryimage\"},\"image\":{\"@id\":\"https:\/\/www.nekretnineualanji.com\/en\/o-nama\/#primaryimage\"},\"thumbnailUrl\":\"http:\/\/www.nekretnineualanji.com\/wp-content\/uploads\/2022\/05\/Design-Nerma-210x210.png\",\"datePublished\":\"2022-06-16T07:11:55+00:00\",\"dateModified\":\"2023-05-09T09:09:55+00:00\",\"breadcrumb\":{\"@id\":\"https:\/\/www.nekretnineualanji.com\/en\/o-nama\/#breadcrumb\"},\"inLanguage\":\"en-US\",\"potentialAction\":[{\"@type\":\"ReadAction\",\"target\":[\"https:\/\/www.nekretnineualanji.com\/en\/o-nama\/\"]}]},{\"@type\":\"ImageObject\",\"inLanguage\":\"en-US\",\"@id\":\"https:\/\/www.nekretnineualanji.com\/en\/o-nama\/#primaryimage\",\"url\":\"http:\/\/www.nekretnineualanji.com\/wp-content\/uploads\/2022\/05\/Design-Nerma-210x210.png\",\"contentUrl\":\"http:\/\/www.nekretnineualanji.com\/wp-content\/uploads\/2022\/05\/Design-Nerma-210x210.png\"},{\"@type\":\"BreadcrumbList\",\"@id\":\"https:\/\/www.nekretnineualanji.com\/en\/o-nama\/#breadcrumb\",\"itemListElement\":[{\"@type\":\"ListItem\",\"position\":1,\"name\":\"Home\",\"item\":\"https:\/\/www.nekretnineualanji.com\/en\/\"},{\"@type\":\"ListItem\",\"position\":2,\"name\":\"O NAMA\"}]},{\"@type\":\"WebSite\",\"@id\":\"https:\/\/www.nekretnineualanji.com\/en\/#website\",\"url\":\"https:\/\/www.nekretnineualanji.com\/en\/\",\"name\":\"NEKRETNINE U ALANJI\",\"description\":\"NEKRETNINE U TURSKOJ\",\"publisher\":{\"@id\":\"https:\/\/www.nekretnineualanji.com\/en\/#organization\"},\"potentialAction\":[{\"@type\":\"SearchAction\",\"target\":{\"@type\":\"EntryPoint\",\"urlTemplate\":\"https:\/\/www.nekretnineualanji.com\/en\/?s={search_term_string}\"},\"query-input\":{\"@type\":\"PropertyValueSpecification\",\"valueRequired\":true,\"valueName\":\"search_term_string\"}}],\"inLanguage\":\"en-US\"},{\"@type\":\"Organization\",\"@id\":\"https:\/\/www.nekretnineualanji.com\/en\/#organization\",\"name\":\"NEKRETNINE U ALANJI\",\"url\":\"https:\/\/www.nekretnineualanji.com\/en\/\",\"logo\":{\"@type\":\"ImageObject\",\"inLanguage\":\"en-US\",\"@id\":\"https:\/\/www.nekretnineualanji.com\/en\/#\/schema\/logo\/image\/\",\"url\":\"https:\/\/www.nekretnineualanji.com\/wp-content\/uploads\/2022\/06\/crni-logo-1.jpg\",\"contentUrl\":\"https:\/\/www.nekretnineualanji.com\/wp-content\/uploads\/2022\/06\/crni-logo-1.jpg\",\"width\":300,\"height\":80,\"caption\":\"NEKRETNINE U ALANJI\"},\"image\":{\"@id\":\"https:\/\/www.nekretnineualanji.com\/en\/#\/schema\/logo\/image\/\"}}]}<\/script>\n<!-- \/ Yoast SEO plugin. -->","yoast_head_json":{"title":"O NAMA - NEKRETNINE U ALANJI","robots":{"index":"index","follow":"follow","max-snippet":"max-snippet:-1","max-image-preview":"max-image-preview:large","max-video-preview":"max-video-preview:-1"},"canonical":"https:\/\/www.nekretnineualanji.com\/en\/o-nama\/","og_locale":"en_US","og_type":"article","og_title":"O NAMA - NEKRETNINE U ALANJI","og_description":"Ukoliko ste zainteresirani za nekretnine u Turskoj, prava smo adresa za vas. Mi smo jedna od najbolje rankiranih turskih agencija za kupoprodaju nekretnina sa najboljim omjerom cijene i kvaliteta nekretnine koju kupujete. S&#8217;obzirom da je tr\u017ei\u0161te nekretnina u Turskoj u stalnom rastu, te da je interes za investiranje u nekretnine u Turskoj sve prisutniji i...","og_url":"https:\/\/www.nekretnineualanji.com\/en\/o-nama\/","og_site_name":"NEKRETNINE U ALANJI","article_modified_time":"2023-05-09T09:09:55+00:00","og_image":[{"url":"http:\/\/www.nekretnineualanji.com\/wp-content\/uploads\/2022\/05\/Design-Nerma-210x210.png","type":"","width":"","height":""}],"twitter_card":"summary_large_image","twitter_misc":{"Est. reading time":"2 minutes"},"schema":{"@context":"https:\/\/schema.org","@graph":[{"@type":"WebPage","@id":"https:\/\/www.nekretnineualanji.com\/en\/o-nama\/","url":"https:\/\/www.nekretnineualanji.com\/en\/o-nama\/","name":"O NAMA - NEKRETNINE U ALANJI","isPartOf":{"@id":"https:\/\/www.nekretnineualanji.com\/en\/#website"},"primaryImageOfPage":{"@id":"https:\/\/www.nekretnineualanji.com\/en\/o-nama\/#primaryimage"},"image":{"@id":"https:\/\/www.nekretnineualanji.com\/en\/o-nama\/#primaryimage"},"thumbnailUrl":"http:\/\/www.nekretnineualanji.com\/wp-content\/uploads\/2022\/05\/Design-Nerma-210x210.png","datePublished":"2022-06-16T07:11:55+00:00","dateModified":"2023-05-09T09:09:55+00:00","breadcrumb":{"@id":"https:\/\/www.nekretnineualanji.com\/en\/o-nama\/#breadcrumb"},"inLanguage":"en-US","potentialAction":[{"@type":"ReadAction","target":["https:\/\/www.nekretnineualanji.com\/en\/o-nama\/"]}]},{"@type":"ImageObject","inLanguage":"en-US","@id":"https:\/\/www.nekretnineualanji.com\/en\/o-nama\/#primaryimage","url":"http:\/\/www.nekretnineualanji.com\/wp-content\/uploads\/2022\/05\/Design-Nerma-210x210.png","contentUrl":"http:\/\/www.nekretnineualanji.com\/wp-content\/uploads\/2022\/05\/Design-Nerma-210x210.png"},{"@type":"BreadcrumbList","@id":"https:\/\/www.nekretnineualanji.com\/en\/o-nama\/#breadcrumb","itemListElement":[{"@type":"ListItem","position":1,"name":"Home","item":"https:\/\/www.nekretnineualanji.com\/en\/"},{"@type":"ListItem","position":2,"name":"O NAMA"}]},{"@type":"WebSite","@id":"https:\/\/www.nekretnineualanji.com\/en\/#website","url":"https:\/\/www.nekretnineualanji.com\/en\/","name":"NEKRETNINE U ALANJI","description":"NEKRETNINE U TURSKOJ","publisher":{"@id":"https:\/\/www.nekretnineualanji.com\/en\/#organization"},"potentialAction":[{"@type":"SearchAction","target":{"@type":"EntryPoint","urlTemplate":"https:\/\/www.nekretnineualanji.com\/en\/?s={search_term_string}"},"query-input":{"@type":"PropertyValueSpecification","valueRequired":true,"valueName":"search_term_string"}}],"inLanguage":"en-US"},{"@type":"Organization","@id":"https:\/\/www.nekretnineualanji.com\/en\/#organization","name":"NEKRETNINE U ALANJI","url":"https:\/\/www.nekretnineualanji.com\/en\/","logo":{"@type":"ImageObject","inLanguage":"en-US","@id":"https:\/\/www.nekretnineualanji.com\/en\/#\/schema\/logo\/image\/","url":"https:\/\/www.nekretnineualanji.com\/wp-content\/uploads\/2022\/06\/crni-logo-1.jpg","contentUrl":"https:\/\/www.nekretnineualanji.com\/wp-content\/uploads\/2022\/06\/crni-logo-1.jpg","width":300,"height":80,"caption":"NEKRETNINE U ALANJI"},"image":{"@id":"https:\/\/www.nekretnineualanji.com\/en\/#\/schema\/logo\/image\/"}}]}},"_links":{"self":[{"href":"https:\/\/www.nekretnineualanji.com\/en\/wp-json\/wp\/v2\/pages\/846","targetHints":{"allow":["GET"]}}],"collection":[{"href":"https:\/\/www.nekretnineualanji.com\/en\/wp-json\/wp\/v2\/pages"}],"about":[{"href":"https:\/\/www.nekretnineualanji.com\/en\/wp-json\/wp\/v2\/types\/page"}],"author":[{"embeddable":true,"href":"https:\/\/www.nekretnineualanji.com\/en\/wp-json\/wp\/v2\/users\/1"}],"replies":[{"embeddable":true,"href":"https:\/\/www.nekretnineualanji.com\/en\/wp-json\/wp\/v2\/comments?post=846"}],"version-history":[{"count":23,"href":"https:\/\/www.nekretnineualanji.com\/en\/wp-json\/wp\/v2\/pages\/846\/revisions"}],"predecessor-version":[{"id":1225,"href":"https:\/\/www.nekretnineualanji.com\/en\/wp-json\/wp\/v2\/pages\/846\/revisions\/1225"}],"wp:attachment":[{"href":"https:\/\/www.nekretnineualanji.com\/en\/wp-json\/wp\/v2\/media?parent=846"}],"curies":[{"name":"wp","href":"https:\/\/api.w.org\/{rel}","templated":true}]}}